{"id":830,"date":"2021-03-03T02:34:04","date_gmt":"2021-03-03T02:34:04","guid":{"rendered":"https:\/\/apf.com.pt\/?page_id=830"},"modified":"2025-12-20T16:39:08","modified_gmt":"2025-12-20T16:39:08","slug":"contactos","status":"publish","type":"page","link":"https:\/\/apf.com.pt\/en\/contactos\/","title":{"rendered":"Contact"},"content":{"rendered":"\t\t<div data-elementor-type=\"wp-page\" data-elementor-id=\"830\" class=\"elementor elementor-830\" data-elementor-post-type=\"page\">\n\t\t\t\t<div class=\"elementor-element elementor-element-b8cbecb e-flex e-con-boxed e-con e-parent\" data-id=\"b8cbecb\" data-element_type=\"container\" data-e-type=\"container\">\n\t\t\t\t\t<div class=\"e-con-inner\">\n\t\t<div class=\"elementor-element elementor-element-70d45f7 e-con-full e-flex e-con e-child\" data-id=\"70d45f7\" data-element_type=\"container\" data-e-type=\"container\">\n\t\t\t\t<div class=\"elementor-element elementor-element-013aaaa elementor-widget elementor-widget-text-editor\" data-id=\"013aaaa\" data-element_type=\"widget\" data-e-type=\"widget\" data-widget_type=\"text-editor.default\">\n\t\t\t\t<div class=\"elementor-widget-container\">\n\t\t\t\t\t\t\t\t\t<h2>APF \u2013 Associa\u00e7\u00e3o Portuguesa de Fundi\u00e7\u00e3o<\/h2>\n<p><!-- \/wp:heading --><!-- wp:paragraph --><\/p>\n<p>Rua Eng. Ezequiel Campos, 525, 1\u00ba<br \/><br \/>4100-233 Porto<br \/><br \/>Tel: (+351) 226 090 675<br \/>Chamada para rede fixa nacional<br \/><strong>Email:<\/strong> info@apf.com.pt<\/p>\t\t\t\t\t\t\t\t<\/div>\n\t\t\t\t<\/div>\n\t\t\t\t<\/div>\n\t\t<div class=\"elementor-element elementor-element-dec94c2 e-con-full e-flex e-con e-child\" data-id=\"dec94c2\" data-element_type=\"container\" data-e-type=\"container\">\n\t\t\t\t<div class=\"elementor-element elementor-element-55174ee elementor-widget elementor-widget-heading\" data-id=\"55174ee\" data-element_type=\"widget\" data-e-type=\"widget\" data-widget_type=\"heading.default\">\n\t\t\t\t<div class=\"elementor-widget-container\">\n\t\t\t\t\t<h2 class=\"elementor-heading-title elementor-size-default\">Formul\u00e1rio de Contactos<\/h2>\t\t\t\t<\/div>\n\t\t\t\t<\/div>\n\t\t\t\t<div class=\"elementor-element elementor-element-7e1f2bc fluentform-widget-submit-button-custom elementor-widget elementor-widget-fluent-form-widget\" data-id=\"7e1f2bc\" data-element_type=\"widget\" data-e-type=\"widget\" data-widget_type=\"fluent-form-widget.default\">\n\t\t\t\t<div class=\"elementor-widget-container\">\n\t\t\t\t\t\n            <div class=\"fluentform-widget-wrapper fluentform-widget-align-default\">\n\n            \n            <div class='fluentform ff-default fluentform_wrapper_3 ffs_default_wrap'><form data-form_id=\"3\" id=\"fluentform_3\" class=\"frm-fluent-form fluent_form_3 ff-el-form-top ff_form_instance_3_1 ff-form-loading ffs_default\" data-form_instance=\"ff_form_instance_3_1\" method=\"POST\" ><fieldset  style=\"border: none!important;margin: 0!important;padding: 0!important;background-color: transparent!important;box-shadow: none!important;outline: none!important; min-inline-size: 100%;\">\n                    <legend class=\"ff_screen_reader_title\" style=\"display: block; margin: 0!important;padding: 0!important;height: 0!important;text-indent: -999999px;width: 0!important;overflow:hidden;\">Formul\u00e1rio de Contacto<\/legend><input type='hidden' name='__fluent_form_embded_post_id' value='830' \/><input type=\"hidden\" id=\"_fluentform_3_fluentformnonce\" name=\"_fluentform_3_fluentformnonce\" value=\"db065f25a4\" \/><input type=\"hidden\" name=\"_wp_http_referer\" value=\"\/en\/wp-json\/wp\/v2\/pages\/830\" \/><div data-type=\"name-element\" data-name=\"names\" class=\" ff-field_container ff-name-field-wrapper\" ><div class='ff-t-container'><div class='ff-t-cell '><div class='ff-el-group'><div class=\"ff-el-input--label ff-el-is-required asterisk-right\"><label for='ff_3_names_first_name_' id='label_ff_3_names_first_name_' >Nome<\/label><\/div><div class='ff-el-input--content'><input type=\"text\" name=\"names[first_name]\" id=\"ff_3_names_first_name_\" class=\"ff-el-form-control\" placeholder=\"Nome\" aria-invalid=\"false\" aria-required=true><\/div><\/div><\/div><\/div><\/div><div data-name=\"ff_cn_id_1\"  class='ff-t-container ff-column-container ff_columns_total_2 '><div class='ff-t-cell ff-t-column-1' style='flex-basis: 50%;'><div class='ff-el-group'><div class=\"ff-el-input--label ff-el-is-required asterisk-right\"><label for='ff_3_email' id='label_ff_3_email' aria-label=\"Email\">Email<\/label><\/div><div class='ff-el-input--content'><input type=\"email\" name=\"email\" id=\"ff_3_email\" class=\"ff-el-form-control\" placeholder=\"Email Address\" data-name=\"email\"  aria-invalid=\"false\" aria-required=true><\/div><\/div><\/div><div class='ff-t-cell ff-t-column-2' style='flex-basis: 50%;'><div class='ff-el-group'><div class=\"ff-el-input--label asterisk-right\"><label for='ff_3_input_mask' id='label_ff_3_input_mask' aria-label=\"Telefone\">Telefone<\/label><\/div><div class='ff-el-input--content'><input type=\"text\" name=\"input_mask\" data-mask=\"+351 999 999 999\" class=\"ff-el-form-control\" placeholder=\"Telefone\" data-name=\"input_mask\" id=\"ff_3_input_mask\"  aria-invalid=\"false\" aria-required=false><\/div><\/div><\/div><\/div><div class='ff-el-group'><div class=\"ff-el-input--label ff-el-is-required asterisk-right\"><label for='ff_3_subject' id='label_ff_3_subject' aria-label=\"Assunto\">Assunto<\/label><\/div><div class='ff-el-input--content'><input type=\"text\" name=\"subject\" class=\"ff-el-form-control\" placeholder=\"Assunto\" data-name=\"subject\" id=\"ff_3_subject\"  aria-invalid=\"false\" aria-required=true><\/div><\/div><div class='ff-el-group'><div class=\"ff-el-input--label ff-el-is-required asterisk-right\"><label for='ff_3_message' id='label_ff_3_message' aria-label=\"Mensagem\">Mensagem<\/label><\/div><div class='ff-el-input--content'><textarea aria-required=\"true\" aria-labelledby=\"label_ff_3_message\" name=\"message\" id=\"ff_3_message\" class=\"ff-el-form-control\" placeholder=\"Mensagem\" rows=\"4\" cols=\"2\" data-name=\"message\" ><\/textarea><\/div><\/div><div data-name=\"ff_cn_id_2\"  class='ff-t-container ff-column-container ff_columns_total_2 '><div class='ff-t-cell ff-t-column-1' style='flex-basis: 77.53%;'><div class='ff-el-group'><div class=\"ff-el-input--label ff-el-is-required asterisk-right\"><label   aria-label=\"Consentimento GDPR\">Consentimento GDPR<\/label><\/div><div class='ff-el-input--content'><div class='ff-el-form-check ff-el-form-check-'><label class='ff-el-form-check-label' for='consentimento_gdpr_724a15009597729f87950d418327d914'><input  type=\"checkbox\" name=\"consentimento_gdpr[]\" data-name=\"consentimento_gdpr\" class=\"ff-el-form-check-input ff-el-form-check-checkbox\" value=\"Autorizo o tratamento dos meus dados pessoais para efeitos de resposta ao meu contacto, de acordo com a Pol\u00edtica de Privacidade.\"  id='consentimento_gdpr_724a15009597729f87950d418327d914' aria-label='Autorizo o tratamento dos meus dados pessoais para efeitos de resposta ao meu contacto, de acordo com a Pol\u00edtica de Privacidade.' aria-invalid='false' aria-required=true> <span>Autorizo o tratamento dos meus dados pessoais para efeitos de resposta ao meu contacto, de acordo com a Pol\u00edtica de Privacidade.<\/span><\/label><\/div><\/div><\/div><\/div><div class='ff-t-cell ff-t-column-2' style='flex-basis: 22.47%;'><div class='ff-el-group ' ><div class='ff-el-input--content'><div data-fluent_id='3' name='g-recaptcha-response'><div\n\t\tdata-sitekey='6Lco7bQcAAAAAJc-5g1PBPe8BKYerH2f0KTwpxsZ'\n\t\tid='fluentform-recaptcha-3-1'\n\t\tclass='ff-el-recaptcha g-recaptcha'\n\t\tdata-callback='fluentFormrecaptchaSuccessCallback'><\/div><\/div><\/div><\/div><\/div><\/div><div class='ff-el-group ff-text-left ff_submit_btn_wrapper'><button type=\"submit\" class=\"ff-btn ff-btn-submit ff-btn-md ff_btn_style wpf_has_custom_css\"  aria-label=\"Enviar\">Enviar<\/button><\/div><\/fieldset><\/form><div id='fluentform_3_errors' class='ff-errors-in-stack ff_form_instance_3_1 ff-form-loading_errors ff_form_instance_3_1_errors'><\/div><\/div>            <script type=\"text\/javascript\">\n                window.fluent_form_ff_form_instance_3_1 = {\"id\":\"3\",\"ajaxUrl\":\"https:\\\/\\\/apf.com.pt\\\/wp-admin\\\/admin-ajax.php\",\"settings\":{\"layout\":{\"labelPlacement\":\"top\",\"helpMessagePlacement\":\"with_label\",\"errorMessagePlacement\":\"inline\",\"cssClassName\":\"\",\"asteriskPlacement\":\"asterisk-right\"},\"restrictions\":{\"denyEmptySubmission\":{\"enabled\":false}}},\"form_instance\":\"ff_form_instance_3_1\",\"form_id_selector\":\"fluentform_3\",\"rules\":{\"names[first_name]\":{\"required\":{\"value\":true,\"message\":\"Campo obrigat\\u00f3rio\",\"global\":false,\"global_message\":\"This field is required\"}},\"names[middle_name]\":{\"required\":{\"value\":false,\"message\":\"This field is required\",\"global\":false,\"global_message\":\"This field is required\"}},\"names[last_name]\":{\"required\":{\"value\":false,\"message\":\"This field is required\",\"global\":false,\"global_message\":\"This field is required\"}},\"email\":{\"required\":{\"value\":true,\"message\":\"This field is required\",\"global\":false,\"global_message\":\"This field is required\"},\"email\":{\"value\":true,\"message\":\"This field must contain a valid email\",\"global\":false,\"global_message\":\"This field must contain a valid email\"}},\"input_mask\":{\"required\":{\"value\":false,\"message\":\"This field is required\",\"global_message\":\"This field is required\",\"global\":false}},\"subject\":{\"required\":{\"value\":true,\"message\":\"Campo obrigat\\u00f3rio\",\"global\":false,\"global_message\":\"This field is required\"}},\"message\":{\"required\":{\"value\":true,\"message\":\"Campo Obrigat\\u00f3rio\",\"global\":false,\"global_message\":\"This field is required\"}},\"consentimento_gdpr\":{\"required\":{\"value\":true,\"message\":\"Deve aceitar a nossa politica de privacidade\",\"global_message\":\"This field is required\",\"global\":false}},\"g-recaptcha-response\":[]},\"debounce_time\":300};\n                            <\/script>\n                        <\/div>\n\n            \t\t\t\t<\/div>\n\t\t\t\t<\/div>\n\t\t\t\t<\/div>\n\t\t\t\t\t<\/div>\n\t\t\t\t<\/div>\n\t\t<div class=\"elementor-element elementor-element-6c5fe39 e-con-full e-flex e-con e-parent\" data-id=\"6c5fe39\" data-element_type=\"container\" data-e-type=\"container\">\n\t\t\t\t<div class=\"elementor-element elementor-element-7042359 elementor-widget elementor-widget-html\" data-id=\"7042359\" data-element_type=\"widget\" data-e-type=\"widget\" data-widget_type=\"html.default\">\n\t\t\t\t<div class=\"elementor-widget-container\">\n\t\t\t\t\t<iframe src=\"https:\/\/www.google.com\/maps\/embed?pb=!1m14!1m8!1m3!1d12012.913801008715!2d-8.6536642!3d41.1731842!3m2!1i1024!2i768!4f13.1!3m3!1m2!1s0x0%3A0x905bb8cd01f3cdb1!2zQVBGIC0gQXNzb2NpYcOnw6NvIFBvcnR1Z3Vlc2EgZGUgRnVuZGnDp8Ojbw!5e0!3m2!1spt-PT!2spt!4v1620087358562!5m2!1spt-PT!2spt\" width=\"100%\" height=\"450\" style=\"border:0;\" allowfullscreen=\"\" loading=\"lazy\"><\/iframe>\t\t\t\t<\/div>\n\t\t\t\t<\/div>\n\t\t\t\t<\/div>\n\t\t\t\t<\/div>\n\t\t","protected":false},"excerpt":{"rendered":"<p>APF \u2013 Associa\u00e7\u00e3o Portuguesa de Fundi\u00e7\u00e3o Rua Eng. Ezequiel Campos, 525, 1\u00ba 4100-233 Porto Tel: (+351) 226 090 675Chamada para rede fixa nacionalEmail: info@apf.com.pt Formul\u00e1rio de Contactos Formul\u00e1rio de Contacto NomeEmailTelefoneAssuntoMensagemConsentimento GDPR Autorizo o tratamento dos meus dados pessoais para efeitos de resposta ao meu contacto, de acordo com a Pol\u00edtica de Privacidade.Enviar<\/p>","protected":false},"author":1,"featured_media":0,"parent":0,"menu_order":0,"comment_status":"closed","ping_status":"closed","template":"","meta":{"_coblocks_attr":"","_coblocks_dimensions":"","_coblocks_responsive_height":"","_coblocks_accordion_ie_support":"","ocean_post_layout":"","ocean_both_sidebars_style":"","ocean_both_sidebars_content_width":0,"ocean_both_sidebars_sidebars_width":0,"ocean_sidebar":"0","ocean_second_sidebar":"0","ocean_disable_margins":"enable","ocean_add_body_class":"","ocean_shortcode_before_top_bar":"","ocean_shortcode_after_top_bar":"","ocean_shortcode_before_header":"","ocean_shortcode_after_header":"","ocean_has_shortcode":"","ocean_shortcode_after_title":"","ocean_shortcode_before_footer_widgets":"","ocean_shortcode_after_footer_widgets":"","ocean_shortcode_before_footer_bottom":"","ocean_shortcode_after_footer_bottom":"","ocean_display_top_bar":"default","ocean_display_header":"default","ocean_header_style":"","ocean_center_header_left_menu":"0","ocean_custom_header_template":"0","ocean_custom_logo":0,"ocean_custom_retina_logo":0,"ocean_custom_logo_max_width":0,"ocean_custom_logo_tablet_max_width":0,"ocean_custom_logo_mobile_max_width":0,"ocean_custom_logo_max_height":0,"ocean_custom_logo_tablet_max_height":0,"ocean_custom_logo_mobile_max_height":0,"ocean_header_custom_menu":"0","ocean_menu_typo_font_family":"0","ocean_menu_typo_font_subset":"","ocean_menu_typo_font_size":0,"ocean_menu_typo_font_size_tablet":0,"ocean_menu_typo_font_size_mobile":0,"ocean_menu_typo_font_size_unit":"px","ocean_menu_typo_font_weight":"","ocean_menu_typo_font_weight_tablet":"","ocean_menu_typo_font_weight_mobile":"","ocean_menu_typo_transform":"","ocean_menu_typo_transform_tablet":"","ocean_menu_typo_transform_mobile":"","ocean_menu_typo_line_height":0,"ocean_menu_typo_line_height_tablet":0,"ocean_menu_typo_line_height_mobile":0,"ocean_menu_typo_line_height_unit":"","ocean_menu_typo_spacing":0,"ocean_menu_typo_spacing_tablet":0,"ocean_menu_typo_spacing_mobile":0,"ocean_menu_typo_spacing_unit":"","ocean_menu_link_color":"","ocean_menu_link_color_hover":"","ocean_menu_link_color_active":"","ocean_menu_link_background":"","ocean_menu_link_hover_background":"","ocean_menu_link_active_background":"","ocean_menu_social_links_bg":"","ocean_menu_social_hover_links_bg":"","ocean_menu_social_links_color":"","ocean_menu_social_hover_links_color":"","ocean_disable_title":"default","ocean_disable_heading":"default","ocean_post_title":"","ocean_post_subheading":"","ocean_post_title_style":"background-image","ocean_post_title_background_color":"","ocean_post_title_background":2035,"ocean_post_title_bg_image_position":"center center","ocean_post_title_bg_image_attachment":"","ocean_post_title_bg_image_repeat":"","ocean_post_title_bg_image_size":"","ocean_post_title_height":0,"ocean_post_title_bg_overlay":0.5,"ocean_post_title_bg_overlay_color":"","ocean_disable_breadcrumbs":"default","ocean_breadcrumbs_color":"","ocean_breadcrumbs_separator_color":"","ocean_breadcrumbs_links_color":"","ocean_breadcrumbs_links_hover_color":"","ocean_display_footer_widgets":"default","ocean_display_footer_bottom":"default","ocean_custom_footer_template":"0","_vp_format_video_url":"","_vp_image_focal_point":[],"footnotes":""},"class_list":["post-830","page","type-page","status-publish","hentry","entry"],"featured_image_src":null,"yoast_head":"<!-- This site is optimized with the Yoast SEO plugin v27.4 - https:\/\/yoast.com\/product\/yoast-seo-wordpress\/ -->\n<title>Contactos APF | Associa\u00e7\u00e3o Portuguesa de Fundi\u00e7\u00e3o (Porto)<\/title>\n<meta name=\"description\" content=\"Entre em contacto com a Associa\u00e7\u00e3o Portuguesa de Fundi\u00e7\u00e3o. Morada no Porto, telefone, email e formul\u00e1rio direto para apoio \u00e0 Ind\u00fastria Metal\u00fargica.\" \/>\n<meta name=\"robots\" content=\"index, follow, max-snippet:-1, max-image-preview:large, max-video-preview:-1\" \/>\n<link rel=\"canonical\" href=\"https:\/\/apf.com.pt\/en\/contactos\/\" \/>\n<meta property=\"og:locale\" content=\"en_GB\" \/>\n<meta property=\"og:type\" content=\"article\" \/>\n<meta property=\"og:title\" content=\"Contactos APF | Associa\u00e7\u00e3o Portuguesa de Fundi\u00e7\u00e3o (Porto)\" \/>\n<meta property=\"og:description\" content=\"Entre em contacto com a Associa\u00e7\u00e3o Portuguesa de Fundi\u00e7\u00e3o. Morada no Porto, telefone, email e formul\u00e1rio direto para apoio \u00e0 Ind\u00fastria Metal\u00fargica.\" \/>\n<meta property=\"og:url\" content=\"https:\/\/apf.com.pt\/en\/contactos\/\" \/>\n<meta property=\"og:site_name\" content=\"APF - Associa\u00e7\u00e3o Portuguesa de Fundi\u00e7\u00e3o\" \/>\n<meta property=\"article:modified_time\" content=\"2025-12-20T16:39:08+00:00\" \/>\n<meta property=\"og:image\" content=\"https:\/\/apf.com.pt\/wp-content\/uploads\/2021\/05\/logo-512x512-1.png\" \/>\n\t<meta property=\"og:image:width\" content=\"512\" \/>\n\t<meta property=\"og:image:height\" content=\"512\" \/>\n\t<meta property=\"og:image:type\" content=\"image\/png\" \/>\n<meta name=\"twitter:card\" content=\"summary_large_image\" \/>\n<meta name=\"twitter:label1\" content=\"Estimated reading time\" \/>\n\t<meta name=\"twitter:data1\" content=\"1 minute\" \/>\n<script type=\"application\/ld+json\" class=\"yoast-schema-graph\">{\"@context\":\"https:\\\/\\\/schema.org\",\"@graph\":[{\"@type\":\"WebPage\",\"@id\":\"https:\\\/\\\/apf.com.pt\\\/contactos\\\/\",\"url\":\"https:\\\/\\\/apf.com.pt\\\/contactos\\\/\",\"name\":\"Contactos APF | Associa\u00e7\u00e3o Portuguesa de Fundi\u00e7\u00e3o (Porto)\",\"isPartOf\":{\"@id\":\"https:\\\/\\\/apf.com.pt\\\/#website\"},\"datePublished\":\"2021-03-03T02:34:04+00:00\",\"dateModified\":\"2025-12-20T16:39:08+00:00\",\"description\":\"Entre em contacto com a Associa\u00e7\u00e3o Portuguesa de Fundi\u00e7\u00e3o. Morada no Porto, telefone, email e formul\u00e1rio direto para apoio \u00e0 Ind\u00fastria Metal\u00fargica.\",\"breadcrumb\":{\"@id\":\"https:\\\/\\\/apf.com.pt\\\/contactos\\\/#breadcrumb\"},\"inLanguage\":\"en-GB\",\"potentialAction\":[{\"@type\":\"ReadAction\",\"target\":[\"https:\\\/\\\/apf.com.pt\\\/contactos\\\/\"]}]},{\"@type\":\"BreadcrumbList\",\"@id\":\"https:\\\/\\\/apf.com.pt\\\/contactos\\\/#breadcrumb\",\"itemListElement\":[{\"@type\":\"ListItem\",\"position\":1,\"name\":\"In\u00edcio\",\"item\":\"https:\\\/\\\/apf.com.pt\\\/\"},{\"@type\":\"ListItem\",\"position\":2,\"name\":\"Contactos\"}]},{\"@type\":\"WebSite\",\"@id\":\"https:\\\/\\\/apf.com.pt\\\/#website\",\"url\":\"https:\\\/\\\/apf.com.pt\\\/\",\"name\":\"APF - Associa\u00e7\u00e3o Portuguesa de Fundi\u00e7\u00e3o | Ind\u00fastria e Metalurgia\",\"description\":\"Representante da Ind\u00fastria de Fundi\u00e7\u00e3o em Portugal\",\"publisher\":{\"@id\":\"https:\\\/\\\/apf.com.pt\\\/#organization\"},\"alternateName\":\"APF\",\"potentialAction\":[{\"@type\":\"SearchAction\",\"target\":{\"@type\":\"EntryPoint\",\"urlTemplate\":\"https:\\\/\\\/apf.com.pt\\\/?s={search_term_string}\"},\"query-input\":{\"@type\":\"PropertyValueSpecification\",\"valueRequired\":true,\"valueName\":\"search_term_string\"}}],\"inLanguage\":\"en-GB\"},{\"@type\":\"Organization\",\"@id\":\"https:\\\/\\\/apf.com.pt\\\/#organization\",\"name\":\"Associa\u00e7\u00e3o Portuguesa de Fundi\u00e7\u00e3o\",\"alternateName\":\"APF\",\"url\":\"https:\\\/\\\/apf.com.pt\\\/\",\"logo\":{\"@type\":\"ImageObject\",\"inLanguage\":\"en-GB\",\"@id\":\"https:\\\/\\\/apf.com.pt\\\/#\\\/schema\\\/logo\\\/image\\\/\",\"url\":\"https:\\\/\\\/apf.com.pt\\\/wp-content\\\/uploads\\\/2021\\\/05\\\/logo-512x512-1.png\",\"contentUrl\":\"https:\\\/\\\/apf.com.pt\\\/wp-content\\\/uploads\\\/2021\\\/05\\\/logo-512x512-1.png\",\"width\":512,\"height\":512,\"caption\":\"Associa\u00e7\u00e3o Portuguesa de Fundi\u00e7\u00e3o\"},\"image\":{\"@id\":\"https:\\\/\\\/apf.com.pt\\\/#\\\/schema\\\/logo\\\/image\\\/\"}}]}<\/script>\n<!-- \/ Yoast SEO plugin. -->","yoast_head_json":{"title":"Contactos APF | Associa\u00e7\u00e3o Portuguesa de Fundi\u00e7\u00e3o (Porto)","description":"Entre em contacto com a Associa\u00e7\u00e3o Portuguesa de Fundi\u00e7\u00e3o. Morada no Porto, telefone, email e formul\u00e1rio direto para apoio \u00e0 Ind\u00fastria Metal\u00fargica.","robots":{"index":"index","follow":"follow","max-snippet":"max-snippet:-1","max-image-preview":"max-image-preview:large","max-video-preview":"max-video-preview:-1"},"canonical":"https:\/\/apf.com.pt\/en\/contactos\/","og_locale":"en_GB","og_type":"article","og_title":"Contactos APF | Associa\u00e7\u00e3o Portuguesa de Fundi\u00e7\u00e3o (Porto)","og_description":"Entre em contacto com a Associa\u00e7\u00e3o Portuguesa de Fundi\u00e7\u00e3o. Morada no Porto, telefone, email e formul\u00e1rio direto para apoio \u00e0 Ind\u00fastria Metal\u00fargica.","og_url":"https:\/\/apf.com.pt\/en\/contactos\/","og_site_name":"APF - Associa\u00e7\u00e3o Portuguesa de Fundi\u00e7\u00e3o","article_modified_time":"2025-12-20T16:39:08+00:00","og_image":[{"width":512,"height":512,"url":"https:\/\/apf.com.pt\/wp-content\/uploads\/2021\/05\/logo-512x512-1.png","type":"image\/png"}],"twitter_card":"summary_large_image","twitter_misc":{"Estimated reading time":"1 minute"},"schema":{"@context":"https:\/\/schema.org","@graph":[{"@type":"WebPage","@id":"https:\/\/apf.com.pt\/contactos\/","url":"https:\/\/apf.com.pt\/contactos\/","name":"Contactos APF | Associa\u00e7\u00e3o Portuguesa de Fundi\u00e7\u00e3o (Porto)","isPartOf":{"@id":"https:\/\/apf.com.pt\/#website"},"datePublished":"2021-03-03T02:34:04+00:00","dateModified":"2025-12-20T16:39:08+00:00","description":"Entre em contacto com a Associa\u00e7\u00e3o Portuguesa de Fundi\u00e7\u00e3o. Morada no Porto, telefone, email e formul\u00e1rio direto para apoio \u00e0 Ind\u00fastria Metal\u00fargica.","breadcrumb":{"@id":"https:\/\/apf.com.pt\/contactos\/#breadcrumb"},"inLanguage":"en-GB","potentialAction":[{"@type":"ReadAction","target":["https:\/\/apf.com.pt\/contactos\/"]}]},{"@type":"BreadcrumbList","@id":"https:\/\/apf.com.pt\/contactos\/#breadcrumb","itemListElement":[{"@type":"ListItem","position":1,"name":"In\u00edcio","item":"https:\/\/apf.com.pt\/"},{"@type":"ListItem","position":2,"name":"Contactos"}]},{"@type":"WebSite","@id":"https:\/\/apf.com.pt\/#website","url":"https:\/\/apf.com.pt\/","name":"APF - Associa\u00e7\u00e3o Portuguesa de Fundi\u00e7\u00e3o | Ind\u00fastria e Metalurgia","description":"Representante da Ind\u00fastria de Fundi\u00e7\u00e3o em Portugal","publisher":{"@id":"https:\/\/apf.com.pt\/#organization"},"alternateName":"APF","potentialAction":[{"@type":"SearchAction","target":{"@type":"EntryPoint","urlTemplate":"https:\/\/apf.com.pt\/?s={search_term_string}"},"query-input":{"@type":"PropertyValueSpecification","valueRequired":true,"valueName":"search_term_string"}}],"inLanguage":"en-GB"},{"@type":"Organization","@id":"https:\/\/apf.com.pt\/#organization","name":"Portuguese Foundry Association","alternateName":"APF","url":"https:\/\/apf.com.pt\/","logo":{"@type":"ImageObject","inLanguage":"en-GB","@id":"https:\/\/apf.com.pt\/#\/schema\/logo\/image\/","url":"https:\/\/apf.com.pt\/wp-content\/uploads\/2021\/05\/logo-512x512-1.png","contentUrl":"https:\/\/apf.com.pt\/wp-content\/uploads\/2021\/05\/logo-512x512-1.png","width":512,"height":512,"caption":"Associa\u00e7\u00e3o Portuguesa de Fundi\u00e7\u00e3o"},"image":{"@id":"https:\/\/apf.com.pt\/#\/schema\/logo\/image\/"}}]}},"_links":{"self":[{"href":"https:\/\/apf.com.pt\/en\/wp-json\/wp\/v2\/pages\/830","targetHints":{"allow":["GET"]}}],"collection":[{"href":"https:\/\/apf.com.pt\/en\/wp-json\/wp\/v2\/pages"}],"about":[{"href":"https:\/\/apf.com.pt\/en\/wp-json\/wp\/v2\/types\/page"}],"author":[{"embeddable":true,"href":"https:\/\/apf.com.pt\/en\/wp-json\/wp\/v2\/users\/1"}],"replies":[{"embeddable":true,"href":"https:\/\/apf.com.pt\/en\/wp-json\/wp\/v2\/comments?post=830"}],"version-history":[{"count":9,"href":"https:\/\/apf.com.pt\/en\/wp-json\/wp\/v2\/pages\/830\/revisions"}],"predecessor-version":[{"id":5778,"href":"https:\/\/apf.com.pt\/en\/wp-json\/wp\/v2\/pages\/830\/revisions\/5778"}],"wp:attachment":[{"href":"https:\/\/apf.com.pt\/en\/wp-json\/wp\/v2\/media?parent=830"}],"curies":[{"name":"wp","href":"https:\/\/api.w.org\/{rel}","templated":true}]}}