{"id":4749,"date":"2024-03-13T09:49:00","date_gmt":"2024-03-13T09:49:00","guid":{"rendered":"https:\/\/apf.com.pt\/?page_id=4749"},"modified":"2025-12-20T16:52:18","modified_gmt":"2025-12-20T16:52:18","slug":"fundiroad","status":"publish","type":"page","link":"https:\/\/apf.com.pt\/en\/fundiroad\/","title":{"rendered":"FundiRoaD"},"content":{"rendered":"<div data-elementor-type=\"wp-page\" data-elementor-id=\"4749\" class=\"elementor elementor-4749\" data-elementor-post-type=\"page\">\n\t\t\t\t\t\t<section class=\"elementor-section elementor-top-section elementor-element elementor-element-9b5761a elementor-section-boxed elementor-section-height-default elementor-section-height-default\" data-id=\"9b5761a\" data-element_type=\"section\" data-e-type=\"section\">\n\t\t\t\t\t\t<div class=\"elementor-container elementor-column-gap-default\">\n\t\t\t\t\t<div class=\"elementor-column elementor-col-100 elementor-top-column elementor-element elementor-element-a2f51b2\" data-id=\"a2f51b2\" data-element_type=\"column\" data-e-type=\"column\">\n\t\t\t<div class=\"elementor-widget-wrap elementor-element-populated\">\n\t\t\t\t\t\t<div class=\"elementor-element elementor-element-8b24996 elementor-widget elementor-widget-image\" data-id=\"8b24996\" data-element_type=\"widget\" data-e-type=\"widget\" data-widget_type=\"image.default\">\n\t\t\t\t<div class=\"elementor-widget-container\">\n\t\t\t\t\t\t\t\t\t\t\t\t\t\t\t<img fetchpriority=\"high\" decoding=\"async\" width=\"1024\" height=\"148\" src=\"https:\/\/apf.com.pt\/wp-content\/uploads\/2024\/05\/BARRA_LOGOS-03-1024x148.png\" class=\"attachment-large size-large wp-image-5019\" alt=\"\" srcset=\"https:\/\/apf.com.pt\/wp-content\/uploads\/2024\/05\/BARRA_LOGOS-03-1024x148.png.webp 1024w, https:\/\/apf.com.pt\/wp-content\/uploads\/2024\/05\/BARRA_LOGOS-03-300x43.png.webp 300w, https:\/\/apf.com.pt\/wp-content\/uploads\/2024\/05\/BARRA_LOGOS-03-768x111.png.webp 768w, https:\/\/apf.com.pt\/wp-content\/uploads\/2024\/05\/BARRA_LOGOS-03-1536x222.png.webp 1536w, https:\/\/apf.com.pt\/wp-content\/uploads\/2024\/05\/BARRA_LOGOS-03-2048x296.png.webp 2048w, https:\/\/apf.com.pt\/wp-content\/uploads\/2024\/05\/BARRA_LOGOS-03-18x3.png.webp 18w, https:\/\/apf.com.pt\/wp-content\/uploads\/2024\/05\/BARRA_LOGOS-03-800x115.png.webp 800w, https:\/\/apf.com.pt\/wp-content\/uploads\/2024\/05\/BARRA_LOGOS-03-1280x185.png.webp 1280w, https:\/\/apf.com.pt\/wp-content\/uploads\/2024\/05\/BARRA_LOGOS-03-1920x277.png.webp 1920w\" sizes=\"(max-width: 1024px) 100vw, 1024px\" \/>\t\t\t\t\t\t\t\t\t\t\t\t\t\t\t<\/div>\n\t\t\t\t<\/div>\n\t\t\t\t\t<\/div>\n\t\t<\/div>\n\t\t\t\t\t<\/div>\n\t\t<\/section>\n\t\t\t\t<section class=\"elementor-section elementor-top-section elementor-element elementor-element-d5fc74a elementor-section-boxed elementor-section-height-default elementor-section-height-default\" data-id=\"d5fc74a\" data-element_type=\"section\" data-e-type=\"section\">\n\t\t\t\t\t\t<div class=\"elementor-container elementor-column-gap-default\">\n\t\t\t\t\t<div class=\"elementor-column elementor-col-100 elementor-top-column elementor-element elementor-element-af1a274\" data-id=\"af1a274\" data-element_type=\"column\" data-e-type=\"column\">\n\t\t\t<div class=\"elementor-widget-wrap elementor-element-populated\">\n\t\t\t\t\t\t<div class=\"elementor-element elementor-element-f4463c5 elementor-widget elementor-widget-text-editor\" data-id=\"f4463c5\" data-element_type=\"widget\" data-e-type=\"widget\" data-widget_type=\"text-editor.default\">\n\t\t\t\t<div class=\"elementor-widget-container\">\n\t\t\t\t\t\t\t\t\t<ul><li style=\"caret-color: #000000; color: #000000; font-family: -webkit-standard; font-style: normal; font-variant-caps: normal; direction: ltr; unicode-bidi: embed; word-break: normal;\"><span style=\"font-size: 11pt; font-family: Calibri; font-weight: bold;\">Acronym and project title | <\/span><span style=\"font-size: 11pt; font-family: Calibri;\">FundiRoaD - Decarbonisation Roadmap for the Portuguese Foundry Sector<\/span><\/li><li style=\"caret-color: #000000; color: #000000; font-family: -webkit-standard; font-style: normal; font-variant-caps: normal; direction: ltr; unicode-bidi: embed; word-break: normal;\"><span style=\"font-style: normal; font-variant-caps: normal; font-size: 11pt; font-family: Calibri; font-weight: bold;\">Leader | <\/span><span style=\"font-style: normal; font-variant-caps: normal; font-size: 11pt; font-family: Calibri;\">Portuguese Foundry Association (APF)<\/span><\/li><li style=\"caret-color: #000000; color: #000000; font-family: -webkit-standard; font-style: normal; font-variant-caps: normal; direction: ltr; unicode-bidi: embed; word-break: normal;\"><span style=\"font-size: 11pt; font-family: Calibri; font-weight: bold;\">Description |<\/span><span style=\"font-size: 11pt; font-family: Calibri;\">The Decarbonisation Roadmap for the Foundry Sector in Portugal (FundiRoaD) is meant to be the basic document for the strategic alignment of the sector in the areas of Decarbonisation, Energy Transition and Sustainability, in close alignment with the national greenhouse gas (GHG) reduction targets for 2050. The roadmap aims to stimulate the adoption of more sustainable and innovative practices by companies in the sector, their qualification for a more efficient and effective use of material and energy resources, as well as the use of innovative digital technologies towards digital transformation. The Roadmap will include an analysis of GHG emissions trajectories to achieve carbon neutrality in the sector, supported by modelling exercises, with analysis of different macroeconomic scenarios comparing the technical and economic viability of technologies and processes and the evolution of their technological maturity over time.<\/span><\/li><\/ul><ul><li><span style=\"font-size: 11pt; font-family: Calibri; font-weight: bold;\">Start date |\u00a0<\/span><span style=\"font-size: 11pt; font-family: Calibri;\">2nd October 2023<\/span><\/li><li><span style=\"font-size: 11pt; font-family: Calibri; font-weight: bold;\">Completion date |\u00a0<\/span><span style=\"font-size: 11pt; font-family: Calibri;\">31 de dezembro de 2025<\/span><\/li><li style=\"caret-color: #000000; color: #000000; font-family: -webkit-standard; font-style: normal; font-variant-caps: normal; direction: ltr; unicode-bidi: embed; word-break: normal;\"><span style=\"font-size: 11pt; font-family: Calibri; font-weight: bold;\">Investment |\u00a0<\/span><span style=\"font-size: 11pt; font-family: Calibri;\">269.742,86 \u20ac<\/span><\/li><li style=\"caret-color: #000000; color: #000000; font-family: -webkit-standard; font-style: normal; font-variant-caps: normal; direction: ltr; unicode-bidi: embed; word-break: normal;\"><span style=\"font-size: 11pt; font-family: Calibri; font-weight: bold;\">Beneficiary entity |<\/span><span style=\"font-size: 11pt; font-family: Calibri;\"><span style=\"font-style: normal; font-variant-caps: normal; font-size: 11pt; font-family: Calibri;\">Portuguese Foundry Association (APF)<\/span><\/span><\/li><\/ul>\t\t\t\t\t\t\t\t<\/div>\n\t\t\t\t<\/div>\n\t\t\t\t<div class=\"elementor-element elementor-element-58d92d4 elementor-widget elementor-widget-progress\" data-id=\"58d92d4\" data-element_type=\"widget\" data-e-type=\"widget\" data-widget_type=\"progress.default\">\n\t\t\t\t<div class=\"elementor-widget-container\">\n\t\t\t\t\t\t\t\t<span class=\"elementor-title\" id=\"elementor-progress-bar-58d92d4\">\n\t\t\t\tProject status\t\t\t<\/span>\n\t\t\n\t\t<div aria-labelledby=\"elementor-progress-bar-58d92d4\" class=\"elementor-progress-wrapper\" role=\"progressbar\" aria-valuemin=\"0\" aria-valuemax=\"100\" aria-valuenow=\"100\">\n\t\t\t<div class=\"elementor-progress-bar\" data-max=\"100\">\n\t\t\t\t<span class=\"elementor-progress-text\"><\/span>\n\t\t\t\t\t\t\t\t\t<span class=\"elementor-progress-percentage\">100%<\/span>\n\t\t\t\t\t\t\t<\/div>\n\t\t<\/div>\n\t\t\t\t\t\t<\/div>\n\t\t\t\t<\/div>\n\t\t\t\t<div class=\"elementor-element elementor-element-3fede15 elementor-widget elementor-widget-text-editor\" data-id=\"3fede15\" data-element_type=\"widget\" data-e-type=\"widget\" data-widget_type=\"text-editor.default\">\n\t\t\t\t<div class=\"elementor-widget-container\">\n\t\t\t\t\t\t\t\t\t<p><strong>OBJECTIVES, ACTIVITIES AND RESULTS EXPECTED \/ ACHIEVED\u00a0<\/strong><\/p><p>It aims to promote the energy transition in industry, the incorporation of low-carbon production processes that promote innovation and competitiveness and the adoption of digital technologies in pursuit of sustainability goals. To this end, the Association has drawn up an action plan comprising six key activities:<\/p><ul><li>Activity 1 - Framework of the foundry sector in the portuguese economy.<\/li><li>Activity 2 - Caraterisation of the foundry sector.<\/li><li>Activity 3 - Benchmarking analyses.<\/li><li>Activity 4 - Decarbonisation Strategic Plan.<\/li><li>Activity 5 - Scenario elaboration and emissions modelling.<\/li><li>Activity 6 - Discussion, dissemination and capacity development of resources.<\/li><\/ul>\t\t\t\t\t\t\t\t<\/div>\n\t\t\t\t<\/div>\n\t\t\t\t\t<\/div>\n\t\t<\/div>\n\t\t\t\t\t<\/div>\n\t\t<\/section>\n\t\t<div class=\"elementor-element elementor-element-8676fd3 e-flex e-con-boxed e-con e-parent\" data-id=\"8676fd3\" data-element_type=\"container\" data-e-type=\"container\">\n\t\t\t\t\t<div class=\"e-con-inner\">\n\t\t\t\t<div class=\"elementor-element elementor-element-e9ba30c elementor-widget elementor-widget-text-editor\" data-id=\"e9ba30c\" data-element_type=\"widget\" data-e-type=\"widget\" data-widget_type=\"text-editor.default\">\n\t\t\t\t<div class=\"elementor-widget-container\">\n\t\t\t\t\t\t\t\t\t<p><strong>For more information, consult the project website:<\/strong><\/p>\t\t\t\t\t\t\t\t<\/div>\n\t\t\t\t<\/div>\n\t\t\t\t\t<\/div>\n\t\t\t\t<\/div>\n\t\t<div class=\"elementor-element elementor-element-c1f6ae0 e-flex e-con-boxed e-con e-parent\" data-id=\"c1f6ae0\" data-element_type=\"container\" data-e-type=\"container\">\n\t\t\t\t\t<div class=\"e-con-inner\">\n\t\t\t\t<div class=\"elementor-element elementor-element-a1275fd elementor-widget elementor-widget-image\" data-id=\"a1275fd\" data-element_type=\"widget\" data-e-type=\"widget\" data-widget_type=\"image.default\">\n\t\t\t\t<div class=\"elementor-widget-container\">\n\t\t\t\t\t\t\t\t\t\t\t\t\t\t\t\t<a href=\"https:\/\/fundiroad.pt\/\" target=\"_blank\">\n\t\t\t\t\t\t\t<img decoding=\"async\" width=\"300\" height=\"178\" src=\"https:\/\/apf.com.pt\/wp-content\/uploads\/2024\/03\/fundiroad-logov@hd-300x178.png\" class=\"attachment-medium size-medium wp-image-4752\" alt=\"\" srcset=\"\" sizes=\"(max-width: 300px) 100vw, 300px\" data-srcset=\"\" \/>\t\t\t\t\t\t\t\t<\/a>\n\t\t\t\t\t\t\t\t\t\t\t\t\t\t\t<\/div>\n\t\t\t\t<\/div>\n\t\t\t\t\t<\/div>\n\t\t\t\t<\/div>\n\t\t\t\t<\/div>","protected":false},"excerpt":{"rendered":"<p>Acr\u00f3nimo e t\u00edtulo do projeto | FundiRoaD \u2013 Roteiro de Descarboniza\u00e7\u00e3o Setor de Fundi\u00e7\u00e3o em Portugal L\u00edder | Associa\u00e7\u00e3o Portuguesa de Fundi\u00e7\u00e3o (APF) Descri\u00e7\u00e3o |O Roteiro de Descarboniza\u00e7\u00e3o Setor de Fundi\u00e7\u00e3o em Portugal (FundiRoaD) pretende ser o documento base para o alinhamento estrat\u00e9gico do setor nos dom\u00ednios da Descarboniza\u00e7\u00e3o, Transi\u00e7\u00e3o Energ\u00e9tica e Sustentabilidade, em estreito [&hellip;]<\/p>\n","protected":false},"author":3,"featured_media":0,"parent":0,"menu_order":0,"comment_status":"closed","ping_status":"closed","template":"elementor_theme","meta":{"_coblocks_attr":"","_coblocks_dimensions":"{\"coblocks-hero-2419042480\":{\"padding\":{\"paddingTop\":\"60px\",\"paddingRight\":\"60px\",\"paddingBottom\":\"60px\",\"paddingLeft\":\"60px\",\"paddingTopTablet\":null,\"paddingRightTablet\":null,\"paddingBottomTablet\":null,\"paddingLeftTablet\":null,\"paddingTopMobile\":null,\"paddingRightMobile\":null,\"paddingBottomMobile\":null,\"paddingLeftMobile\":null}}}","_coblocks_responsive_height":"","_coblocks_accordion_ie_support":"","ocean_post_layout":"full-width","ocean_both_sidebars_style":"","ocean_both_sidebars_content_width":0,"ocean_both_sidebars_sidebars_width":0,"ocean_sidebar":"0","ocean_second_sidebar":"0","ocean_disable_margins":"enable","ocean_add_body_class":"","ocean_shortcode_before_top_bar":"","ocean_shortcode_after_top_bar":"","ocean_shortcode_before_header":"","ocean_shortcode_after_header":"","ocean_has_shortcode":"","ocean_shortcode_after_title":"","ocean_shortcode_before_footer_widgets":"","ocean_shortcode_after_footer_widgets":"","ocean_shortcode_before_footer_bottom":"","ocean_shortcode_after_footer_bottom":"","ocean_display_top_bar":"default","ocean_display_header":"default","ocean_header_style":"","ocean_center_header_left_menu":"0","ocean_custom_header_template":"0","ocean_custom_logo":0,"ocean_custom_retina_logo":0,"ocean_custom_logo_max_width":0,"ocean_custom_logo_tablet_max_width":0,"ocean_custom_logo_mobile_max_width":0,"ocean_custom_logo_max_height":0,"ocean_custom_logo_tablet_max_height":0,"ocean_custom_logo_mobile_max_height":0,"ocean_header_custom_menu":"0","ocean_menu_typo_font_family":"0","ocean_menu_typo_font_subset":"","ocean_menu_typo_font_size":0,"ocean_menu_typo_font_size_tablet":0,"ocean_menu_typo_font_size_mobile":0,"ocean_menu_typo_font_size_unit":"px","ocean_menu_typo_font_weight":"","ocean_menu_typo_font_weight_tablet":"","ocean_menu_typo_font_weight_mobile":"","ocean_menu_typo_transform":"","ocean_menu_typo_transform_tablet":"","ocean_menu_typo_transform_mobile":"","ocean_menu_typo_line_height":0,"ocean_menu_typo_line_height_tablet":0,"ocean_menu_typo_line_height_mobile":0,"ocean_menu_typo_line_height_unit":"","ocean_menu_typo_spacing":0,"ocean_menu_typo_spacing_tablet":0,"ocean_menu_typo_spacing_mobile":0,"ocean_menu_typo_spacing_unit":"","ocean_menu_link_color":"","ocean_menu_link_color_hover":"","ocean_menu_link_color_active":"","ocean_menu_link_background":"","ocean_menu_link_hover_background":"","ocean_menu_link_active_background":"","ocean_menu_social_links_bg":"","ocean_menu_social_hover_links_bg":"","ocean_menu_social_links_color":"","ocean_menu_social_hover_links_color":"","ocean_disable_title":"default","ocean_disable_heading":"default","ocean_post_title":" ","ocean_post_subheading":"","ocean_post_title_style":"background-image","ocean_post_title_background_color":"","ocean_post_title_background":4809,"ocean_post_title_bg_image_position":"center left","ocean_post_title_bg_image_attachment":"","ocean_post_title_bg_image_repeat":"","ocean_post_title_bg_image_size":"","ocean_post_title_height":0,"ocean_post_title_bg_overlay":0.1,"ocean_post_title_bg_overlay_color":"","ocean_disable_breadcrumbs":"off","ocean_breadcrumbs_color":"","ocean_breadcrumbs_separator_color":"","ocean_breadcrumbs_links_color":"","ocean_breadcrumbs_links_hover_color":"","ocean_display_footer_widgets":"default","ocean_display_footer_bottom":"default","ocean_custom_footer_template":"0","_vp_format_video_url":"","_vp_image_focal_point":[],"footnotes":""},"class_list":["post-4749","page","type-page","status-publish","hentry","entry"],"featured_image_src":null,"yoast_head":"<!-- This site is optimized with the Yoast SEO plugin v27.4 - https:\/\/yoast.com\/product\/yoast-seo-wordpress\/ -->\n<title>FundiRoaD | Roteiro de Descarboniza\u00e7\u00e3o do Setor de Fundi\u00e7\u00e3o (APF)<\/title>\n<meta name=\"description\" content=\"Conhe\u00e7a o FundiRoaD, o projeto estrat\u00e9gico da APF para a Descarboniza\u00e7\u00e3o e Transi\u00e7\u00e3o Energ\u00e9tica das fundi\u00e7\u00f5es em Portugal rumo \u00e0 neutralidade carb\u00f3nica.\" \/>\n<meta name=\"robots\" content=\"index, follow, max-snippet:-1, max-image-preview:large, max-video-preview:-1\" \/>\n<link rel=\"canonical\" href=\"https:\/\/apf.com.pt\/en\/fundiroad\/\" \/>\n<meta property=\"og:locale\" content=\"en_GB\" \/>\n<meta property=\"og:type\" content=\"article\" \/>\n<meta property=\"og:title\" content=\"FundiRoaD | Roteiro de Descarboniza\u00e7\u00e3o do Setor de Fundi\u00e7\u00e3o (APF)\" \/>\n<meta property=\"og:description\" content=\"Conhe\u00e7a o FundiRoaD, o projeto estrat\u00e9gico da APF para a Descarboniza\u00e7\u00e3o e Transi\u00e7\u00e3o Energ\u00e9tica das fundi\u00e7\u00f5es em Portugal rumo \u00e0 neutralidade carb\u00f3nica.\" \/>\n<meta property=\"og:url\" content=\"https:\/\/apf.com.pt\/en\/fundiroad\/\" \/>\n<meta property=\"og:site_name\" content=\"APF - Associa\u00e7\u00e3o Portuguesa de Fundi\u00e7\u00e3o\" \/>\n<meta property=\"article:modified_time\" content=\"2025-12-20T16:52:18+00:00\" \/>\n<meta property=\"og:image\" content=\"https:\/\/apf.com.pt\/wp-content\/uploads\/2024\/05\/BARRA_LOGOS-03-1024x148.png\" \/>\n<meta name=\"twitter:card\" content=\"summary_large_image\" \/>\n<meta name=\"twitter:label1\" content=\"Estimated reading time\" \/>\n\t<meta name=\"twitter:data1\" content=\"3 minutes\" \/>\n<script type=\"application\/ld+json\" class=\"yoast-schema-graph\">{\"@context\":\"https:\\\/\\\/schema.org\",\"@graph\":[{\"@type\":\"WebPage\",\"@id\":\"https:\\\/\\\/apf.com.pt\\\/fundiroad\\\/\",\"url\":\"https:\\\/\\\/apf.com.pt\\\/fundiroad\\\/\",\"name\":\"FundiRoaD | Roteiro de Descarboniza\u00e7\u00e3o do Setor de Fundi\u00e7\u00e3o (APF)\",\"isPartOf\":{\"@id\":\"https:\\\/\\\/apf.com.pt\\\/#website\"},\"primaryImageOfPage\":{\"@id\":\"https:\\\/\\\/apf.com.pt\\\/fundiroad\\\/#primaryimage\"},\"image\":{\"@id\":\"https:\\\/\\\/apf.com.pt\\\/fundiroad\\\/#primaryimage\"},\"thumbnailUrl\":\"https:\\\/\\\/apf.com.pt\\\/wp-content\\\/uploads\\\/2024\\\/05\\\/BARRA_LOGOS-03-1024x148.png\",\"datePublished\":\"2024-03-13T09:49:00+00:00\",\"dateModified\":\"2025-12-20T16:52:18+00:00\",\"description\":\"Conhe\u00e7a o FundiRoaD, o projeto estrat\u00e9gico da APF para a Descarboniza\u00e7\u00e3o e Transi\u00e7\u00e3o Energ\u00e9tica das fundi\u00e7\u00f5es em Portugal rumo \u00e0 neutralidade carb\u00f3nica.\",\"breadcrumb\":{\"@id\":\"https:\\\/\\\/apf.com.pt\\\/fundiroad\\\/#breadcrumb\"},\"inLanguage\":\"en-GB\",\"potentialAction\":[{\"@type\":\"ReadAction\",\"target\":[\"https:\\\/\\\/apf.com.pt\\\/fundiroad\\\/\"]}]},{\"@type\":\"ImageObject\",\"inLanguage\":\"en-GB\",\"@id\":\"https:\\\/\\\/apf.com.pt\\\/fundiroad\\\/#primaryimage\",\"url\":\"https:\\\/\\\/apf.com.pt\\\/wp-content\\\/uploads\\\/2024\\\/05\\\/BARRA_LOGOS-03-1024x148.png\",\"contentUrl\":\"https:\\\/\\\/apf.com.pt\\\/wp-content\\\/uploads\\\/2024\\\/05\\\/BARRA_LOGOS-03-1024x148.png\"},{\"@type\":\"BreadcrumbList\",\"@id\":\"https:\\\/\\\/apf.com.pt\\\/fundiroad\\\/#breadcrumb\",\"itemListElement\":[{\"@type\":\"ListItem\",\"position\":1,\"name\":\"In\u00edcio\",\"item\":\"https:\\\/\\\/apf.com.pt\\\/\"},{\"@type\":\"ListItem\",\"position\":2,\"name\":\"FundiRoaD\"}]},{\"@type\":\"WebSite\",\"@id\":\"https:\\\/\\\/apf.com.pt\\\/#website\",\"url\":\"https:\\\/\\\/apf.com.pt\\\/\",\"name\":\"APF - Associa\u00e7\u00e3o Portuguesa de Fundi\u00e7\u00e3o | Ind\u00fastria e Metalurgia\",\"description\":\"Representante da Ind\u00fastria de Fundi\u00e7\u00e3o em Portugal\",\"publisher\":{\"@id\":\"https:\\\/\\\/apf.com.pt\\\/#organization\"},\"alternateName\":\"APF\",\"potentialAction\":[{\"@type\":\"SearchAction\",\"target\":{\"@type\":\"EntryPoint\",\"urlTemplate\":\"https:\\\/\\\/apf.com.pt\\\/?s={search_term_string}\"},\"query-input\":{\"@type\":\"PropertyValueSpecification\",\"valueRequired\":true,\"valueName\":\"search_term_string\"}}],\"inLanguage\":\"en-GB\"},{\"@type\":\"Organization\",\"@id\":\"https:\\\/\\\/apf.com.pt\\\/#organization\",\"name\":\"Associa\u00e7\u00e3o Portuguesa de Fundi\u00e7\u00e3o\",\"alternateName\":\"APF\",\"url\":\"https:\\\/\\\/apf.com.pt\\\/\",\"logo\":{\"@type\":\"ImageObject\",\"inLanguage\":\"en-GB\",\"@id\":\"https:\\\/\\\/apf.com.pt\\\/#\\\/schema\\\/logo\\\/image\\\/\",\"url\":\"https:\\\/\\\/apf.com.pt\\\/wp-content\\\/uploads\\\/2021\\\/05\\\/logo-512x512-1.png\",\"contentUrl\":\"https:\\\/\\\/apf.com.pt\\\/wp-content\\\/uploads\\\/2021\\\/05\\\/logo-512x512-1.png\",\"width\":512,\"height\":512,\"caption\":\"Associa\u00e7\u00e3o Portuguesa de Fundi\u00e7\u00e3o\"},\"image\":{\"@id\":\"https:\\\/\\\/apf.com.pt\\\/#\\\/schema\\\/logo\\\/image\\\/\"}}]}<\/script>\n<!-- \/ Yoast SEO plugin. -->","yoast_head_json":{"title":"FundiRoaD | Roteiro de Descarboniza\u00e7\u00e3o do Setor de Fundi\u00e7\u00e3o (APF)","description":"Conhe\u00e7a o FundiRoaD, o projeto estrat\u00e9gico da APF para a Descarboniza\u00e7\u00e3o e Transi\u00e7\u00e3o Energ\u00e9tica das fundi\u00e7\u00f5es em Portugal rumo \u00e0 neutralidade carb\u00f3nica.","robots":{"index":"index","follow":"follow","max-snippet":"max-snippet:-1","max-image-preview":"max-image-preview:large","max-video-preview":"max-video-preview:-1"},"canonical":"https:\/\/apf.com.pt\/en\/fundiroad\/","og_locale":"en_GB","og_type":"article","og_title":"FundiRoaD | Roteiro de Descarboniza\u00e7\u00e3o do Setor de Fundi\u00e7\u00e3o (APF)","og_description":"Conhe\u00e7a o FundiRoaD, o projeto estrat\u00e9gico da APF para a Descarboniza\u00e7\u00e3o e Transi\u00e7\u00e3o Energ\u00e9tica das fundi\u00e7\u00f5es em Portugal rumo \u00e0 neutralidade carb\u00f3nica.","og_url":"https:\/\/apf.com.pt\/en\/fundiroad\/","og_site_name":"APF - Associa\u00e7\u00e3o Portuguesa de Fundi\u00e7\u00e3o","article_modified_time":"2025-12-20T16:52:18+00:00","og_image":[{"url":"https:\/\/apf.com.pt\/wp-content\/uploads\/2024\/05\/BARRA_LOGOS-03-1024x148.png","type":"","width":"","height":""}],"twitter_card":"summary_large_image","twitter_misc":{"Estimated reading time":"3 minutes"},"schema":{"@context":"https:\/\/schema.org","@graph":[{"@type":"WebPage","@id":"https:\/\/apf.com.pt\/fundiroad\/","url":"https:\/\/apf.com.pt\/fundiroad\/","name":"FundiRoaD | Roteiro de Descarboniza\u00e7\u00e3o do Setor de Fundi\u00e7\u00e3o (APF)","isPartOf":{"@id":"https:\/\/apf.com.pt\/#website"},"primaryImageOfPage":{"@id":"https:\/\/apf.com.pt\/fundiroad\/#primaryimage"},"image":{"@id":"https:\/\/apf.com.pt\/fundiroad\/#primaryimage"},"thumbnailUrl":"https:\/\/apf.com.pt\/wp-content\/uploads\/2024\/05\/BARRA_LOGOS-03-1024x148.png","datePublished":"2024-03-13T09:49:00+00:00","dateModified":"2025-12-20T16:52:18+00:00","description":"Conhe\u00e7a o FundiRoaD, o projeto estrat\u00e9gico da APF para a Descarboniza\u00e7\u00e3o e Transi\u00e7\u00e3o Energ\u00e9tica das fundi\u00e7\u00f5es em Portugal rumo \u00e0 neutralidade carb\u00f3nica.","breadcrumb":{"@id":"https:\/\/apf.com.pt\/fundiroad\/#breadcrumb"},"inLanguage":"en-GB","potentialAction":[{"@type":"ReadAction","target":["https:\/\/apf.com.pt\/fundiroad\/"]}]},{"@type":"ImageObject","inLanguage":"en-GB","@id":"https:\/\/apf.com.pt\/fundiroad\/#primaryimage","url":"https:\/\/apf.com.pt\/wp-content\/uploads\/2024\/05\/BARRA_LOGOS-03-1024x148.png","contentUrl":"https:\/\/apf.com.pt\/wp-content\/uploads\/2024\/05\/BARRA_LOGOS-03-1024x148.png"},{"@type":"BreadcrumbList","@id":"https:\/\/apf.com.pt\/fundiroad\/#breadcrumb","itemListElement":[{"@type":"ListItem","position":1,"name":"In\u00edcio","item":"https:\/\/apf.com.pt\/"},{"@type":"ListItem","position":2,"name":"FundiRoaD"}]},{"@type":"WebSite","@id":"https:\/\/apf.com.pt\/#website","url":"https:\/\/apf.com.pt\/","name":"APF - Associa\u00e7\u00e3o Portuguesa de Fundi\u00e7\u00e3o | Ind\u00fastria e Metalurgia","description":"Representante da Ind\u00fastria de Fundi\u00e7\u00e3o em Portugal","publisher":{"@id":"https:\/\/apf.com.pt\/#organization"},"alternateName":"APF","potentialAction":[{"@type":"SearchAction","target":{"@type":"EntryPoint","urlTemplate":"https:\/\/apf.com.pt\/?s={search_term_string}"},"query-input":{"@type":"PropertyValueSpecification","valueRequired":true,"valueName":"search_term_string"}}],"inLanguage":"en-GB"},{"@type":"Organization","@id":"https:\/\/apf.com.pt\/#organization","name":"Portuguese Foundry Association","alternateName":"APF","url":"https:\/\/apf.com.pt\/","logo":{"@type":"ImageObject","inLanguage":"en-GB","@id":"https:\/\/apf.com.pt\/#\/schema\/logo\/image\/","url":"https:\/\/apf.com.pt\/wp-content\/uploads\/2021\/05\/logo-512x512-1.png","contentUrl":"https:\/\/apf.com.pt\/wp-content\/uploads\/2021\/05\/logo-512x512-1.png","width":512,"height":512,"caption":"Associa\u00e7\u00e3o Portuguesa de Fundi\u00e7\u00e3o"},"image":{"@id":"https:\/\/apf.com.pt\/#\/schema\/logo\/image\/"}}]}},"_links":{"self":[{"href":"https:\/\/apf.com.pt\/en\/wp-json\/wp\/v2\/pages\/4749","targetHints":{"allow":["GET"]}}],"collection":[{"href":"https:\/\/apf.com.pt\/en\/wp-json\/wp\/v2\/pages"}],"about":[{"href":"https:\/\/apf.com.pt\/en\/wp-json\/wp\/v2\/types\/page"}],"author":[{"embeddable":true,"href":"https:\/\/apf.com.pt\/en\/wp-json\/wp\/v2\/users\/3"}],"replies":[{"embeddable":true,"href":"https:\/\/apf.com.pt\/en\/wp-json\/wp\/v2\/comments?post=4749"}],"version-history":[{"count":52,"href":"https:\/\/apf.com.pt\/en\/wp-json\/wp\/v2\/pages\/4749\/revisions"}],"predecessor-version":[{"id":5748,"href":"https:\/\/apf.com.pt\/en\/wp-json\/wp\/v2\/pages\/4749\/revisions\/5748"}],"wp:attachment":[{"href":"https:\/\/apf.com.pt\/en\/wp-json\/wp\/v2\/media?parent=4749"}],"curies":[{"name":"wp","href":"https:\/\/api.w.org\/{rel}","templated":true}]}}