{"id":2503,"date":"2021-05-04T14:49:09","date_gmt":"2021-05-04T14:49:09","guid":{"rendered":"https:\/\/apf.com.pt\/?page_id=2503"},"modified":"2025-12-20T17:02:09","modified_gmt":"2025-12-20T17:02:09","slug":"projecto-innoresolve","status":"publish","type":"page","link":"https:\/\/apf.com.pt\/en\/projecto-innoresolve\/","title":{"rendered":"INNORESOLVE Project"},"content":{"rendered":"<h1 class=\"has-text-align-center wp-block-heading\">CINFU and APF were partners in the INNORESOLVE Project.<\/h1>\n\n\n<div class=\"wp-block-coblocks-icon has-text-align-center is-style-outlined\">\n\t\t\t\t<div class=\"wp-block-coblocks-icon__inner has-white-background-color has-background has-text-color has-white-color\" style=\"height: 60px; padding: 10px; width: 60px;\">\n\t\t\t\t\t<svg fill=\"none\" xmlns=\"http:\/\/www.w3.org\/2000\/svg\" viewbox=\"0 0 24 24\"><path d=\"M6 13c-.55 0-1 .45-1 1s.45 1 1 1 1-.45 1-1-.45-1-1-1zm0 4c-.55 0-1 .45-1 1s.45 1 1 1 1-.45 1-1-.45-1-1-1zm0-8c-.55 0-1 .45-1 1s.45 1 1 1 1-.45 1-1-.45-1-1-1zm-3 .5c-.28 0-.5.22-.5.5s.22.5.5.5.5-.22.5-.5-.22-.5-.5-.5zM6 5c-.55 0-1 .45-1 1s.45 1 1 1 1-.45 1-1-.45-1-1-1zm15 5.5c.28 0 .5-.22.5-.5s-.22-.5-.5-.5-.5.22-.5.5.22.5.5.5zM14 7c.55 0 1-.45 1-1s-.45-1-1-1-1 .45-1 1 .45 1 1 1zm0-3.5c.28 0 .5-.22.5-.5s-.22-.5-.5-.5-.5.22-.5.5.22.5.5.5zm-11 10c-.28 0-.5.22-.5.5s.22.5.5.5.5-.22.5-.5-.22-.5-.5-.5zm7 7c-.28 0-.5.22-.5.5s.22.5.5.5.5-.22.5-.5-.22-.5-.5-.5zm0-17c.28 0 .5-.22.5-.5s-.22-.5-.5-.5-.5.22-.5.5.22.5.5.5zM10 7c.55 0 1-.45 1-1s-.45-1-1-1-1 .45-1 1 .45 1 1 1zm0 5.5c-.83 0-1.5.67-1.5 1.5s.67 1.5 1.5 1.5 1.5-.67 1.5-1.5-.67-1.5-1.5-1.5zm8 .5c-.55 0-1 .45-1 1s.45 1 1 1 1-.45 1-1-.45-1-1-1zm0 4c-.55 0-1 .45-1 1s.45 1 1 1 1-.45 1-1-.45-1-1-1zm0-8c-.55 0-1 .45-1 1s.45 1 1 1 1-.45 1-1-.45-1-1-1zm0-4c-.55 0-1 .45-1 1s.45 1 1 1 1-.45 1-1-.45-1-1-1zm3 8.5c-.28 0-.5.22-.5.5s.22.5.5.5.5-.22.5-.5-.22-.5-.5-.5zM14 17c-.55 0-1 .45-1 1s.45 1 1 1 1-.45 1-1-.45-1-1-1zm0 3.5c-.28 0-.5.22-.5.5s.22.5.5.5.5-.22.5-.5-.22-.5-.5-.5zm-4-12c-.83 0-1.5.67-1.5 1.5s.67 1.5 1.5 1.5 1.5-.67 1.5-1.5-.67-1.5-1.5-1.5zm0 8.5c-.55 0-1 .45-1 1s.45 1 1 1 1-.45 1-1-.45-1-1-1zm4-4.5c-.83 0-1.5.67-1.5 1.5s.67 1.5 1.5 1.5 1.5-.67 1.5-1.5-.67-1.5-1.5-1.5zm0-4c-.83 0-1.5.67-1.5 1.5s.67 1.5 1.5 1.5 1.5-.67 1.5-1.5-.67-1.5-1.5-1.5z\" fill=\"currentColor\" \/><\/svg>\n\t\t\t\t<\/div>\n\t\t\t<\/div>\n\n\n<p>This project took place under the ERASMUS+ programme, in a consortium involving the following organizations:<\/p>\n\n\n\n<ul class=\"wp-block-list\"><li>AFV \u2013 Asociaci\u00f3n de Fundidores del Pa\u00eds Vasco y Navarra, Spanish, as promoter;<\/li><li>FFE \u2013 Fondo Formaci\u00f3n Euskadi, Spanish;<\/li><li>UNINETUNNO;<\/li><li>Cluj Chamber of Commerce and Industry.<\/li><\/ul>\n\n\n<div class=\"wp-block-coblocks-icon has-text-align-center is-style-outlined\">\n\t\t\t\t<div class=\"wp-block-coblocks-icon__inner has-white-background-color has-background has-text-color has-white-color\" style=\"height: 60px; padding: 10px; width: 60px;\">\n\t\t\t\t\t<svg fill=\"none\" xmlns=\"http:\/\/www.w3.org\/2000\/svg\" viewbox=\"0 0 24 24\"><path d=\"M6 13c-.55 0-1 .45-1 1s.45 1 1 1 1-.45 1-1-.45-1-1-1zm0 4c-.55 0-1 .45-1 1s.45 1 1 1 1-.45 1-1-.45-1-1-1zm0-8c-.55 0-1 .45-1 1s.45 1 1 1 1-.45 1-1-.45-1-1-1zm-3 .5c-.28 0-.5.22-.5.5s.22.5.5.5.5-.22.5-.5-.22-.5-.5-.5zM6 5c-.55 0-1 .45-1 1s.45 1 1 1 1-.45 1-1-.45-1-1-1zm15 5.5c.28 0 .5-.22.5-.5s-.22-.5-.5-.5-.5.22-.5.5.22.5.5.5zM14 7c.55 0 1-.45 1-1s-.45-1-1-1-1 .45-1 1 .45 1 1 1zm0-3.5c.28 0 .5-.22.5-.5s-.22-.5-.5-.5-.5.22-.5.5.22.5.5.5zm-11 10c-.28 0-.5.22-.5.5s.22.5.5.5.5-.22.5-.5-.22-.5-.5-.5zm7 7c-.28 0-.5.22-.5.5s.22.5.5.5.5-.22.5-.5-.22-.5-.5-.5zm0-17c.28 0 .5-.22.5-.5s-.22-.5-.5-.5-.5.22-.5.5.22.5.5.5zM10 7c.55 0 1-.45 1-1s-.45-1-1-1-1 .45-1 1 .45 1 1 1zm0 5.5c-.83 0-1.5.67-1.5 1.5s.67 1.5 1.5 1.5 1.5-.67 1.5-1.5-.67-1.5-1.5-1.5zm8 .5c-.55 0-1 .45-1 1s.45 1 1 1 1-.45 1-1-.45-1-1-1zm0 4c-.55 0-1 .45-1 1s.45 1 1 1 1-.45 1-1-.45-1-1-1zm0-8c-.55 0-1 .45-1 1s.45 1 1 1 1-.45 1-1-.45-1-1-1zm0-4c-.55 0-1 .45-1 1s.45 1 1 1 1-.45 1-1-.45-1-1-1zm3 8.5c-.28 0-.5.22-.5.5s.22.5.5.5.5-.22.5-.5-.22-.5-.5-.5zM14 17c-.55 0-1 .45-1 1s.45 1 1 1 1-.45 1-1-.45-1-1-1zm0 3.5c-.28 0-.5.22-.5.5s.22.5.5.5.5-.22.5-.5-.22-.5-.5-.5zm-4-12c-.83 0-1.5.67-1.5 1.5s.67 1.5 1.5 1.5 1.5-.67 1.5-1.5-.67-1.5-1.5-1.5zm0 8.5c-.55 0-1 .45-1 1s.45 1 1 1 1-.45 1-1-.45-1-1-1zm4-4.5c-.83 0-1.5.67-1.5 1.5s.67 1.5 1.5 1.5 1.5-.67 1.5-1.5-.67-1.5-1.5-1.5zm0-4c-.83 0-1.5.67-1.5 1.5s.67 1.5 1.5 1.5 1.5-.67 1.5-1.5-.67-1.5-1.5-1.5z\" fill=\"currentColor\" \/><\/svg>\n\t\t\t\t<\/div>\n\t\t\t<\/div>\n\n\n<div class=\"wp-block-columns is-layout-flex wp-container-core-columns-is-layout-9d6595d7 wp-block-columns-is-layout-flex\">\n<div class=\"wp-block-column is-layout-flow wp-block-column-is-layout-flow\">\n<h4 class=\"wp-block-heading\">The project granted by the European Commission under the Erasmus+ Program, lasted for 24 months: from October 2019 to September 2021.<\/h4>\n\n\n\n<p>Industry is a key element for country development and for employment quality, by providing more qualified and stable jobs than other economic sectors. For this reason, innovation in industry is today the main key to economic competitiveness. Innovation means moving towards an industry 4.0, consisting of:<\/p>\n\n\n\n<ul class=\"wp-block-list\"><li>Digitalization and integration of processes vertically and horizontally across the entire organization;<\/li><li>Digitalization of product and service offerings, using Big Data to refine products and meet the increasing needs of end-customers;<\/li><li>Digital business models and customer access, optimizing customer interaction.<\/li><\/ul>\n\n\n\n<p><\/p>\n<\/div>\n\n\n\n<div class=\"wp-block-column is-layout-flow wp-block-column-is-layout-flow\">\n<h4 class=\"wp-block-heading\">Within the scope of the project, the following instruments were developed:<\/h4>\n\n\n\n<ul class=\"wp-block-list\"><li><strong>Online Collaborative Training Programme<\/strong>; a training programme using the problem-based learning methodology<em>,<\/em>which provides the innovative skills needed to deal with an increasingly demanding industrial environment<\/li><li><strong>InnoResolve Guide<\/strong>&nbsp;that shows the new challenges of Foundry in partner countries, as well as a set of good practices and case studies of Foundries 4.0.<\/li><\/ul>\n<\/div>\n<\/div>\n\n\n\n<p><\/p>\n\n\n<div class=\"wp-block-coblocks-icon has-text-align-center is-style-outlined\">\n\t\t\t\t<div class=\"wp-block-coblocks-icon__inner has-white-background-color has-background has-text-color has-white-color\" style=\"height: 60px; padding: 10px; width: 60px;\">\n\t\t\t\t\t<svg fill=\"none\" xmlns=\"http:\/\/www.w3.org\/2000\/svg\" viewbox=\"0 0 24 24\"><path d=\"M6 13c-.55 0-1 .45-1 1s.45 1 1 1 1-.45 1-1-.45-1-1-1zm0 4c-.55 0-1 .45-1 1s.45 1 1 1 1-.45 1-1-.45-1-1-1zm0-8c-.55 0-1 .45-1 1s.45 1 1 1 1-.45 1-1-.45-1-1-1zm-3 .5c-.28 0-.5.22-.5.5s.22.5.5.5.5-.22.5-.5-.22-.5-.5-.5zM6 5c-.55 0-1 .45-1 1s.45 1 1 1 1-.45 1-1-.45-1-1-1zm15 5.5c.28 0 .5-.22.5-.5s-.22-.5-.5-.5-.5.22-.5.5.22.5.5.5zM14 7c.55 0 1-.45 1-1s-.45-1-1-1-1 .45-1 1 .45 1 1 1zm0-3.5c.28 0 .5-.22.5-.5s-.22-.5-.5-.5-.5.22-.5.5.22.5.5.5zm-11 10c-.28 0-.5.22-.5.5s.22.5.5.5.5-.22.5-.5-.22-.5-.5-.5zm7 7c-.28 0-.5.22-.5.5s.22.5.5.5.5-.22.5-.5-.22-.5-.5-.5zm0-17c.28 0 .5-.22.5-.5s-.22-.5-.5-.5-.5.22-.5.5.22.5.5.5zM10 7c.55 0 1-.45 1-1s-.45-1-1-1-1 .45-1 1 .45 1 1 1zm0 5.5c-.83 0-1.5.67-1.5 1.5s.67 1.5 1.5 1.5 1.5-.67 1.5-1.5-.67-1.5-1.5-1.5zm8 .5c-.55 0-1 .45-1 1s.45 1 1 1 1-.45 1-1-.45-1-1-1zm0 4c-.55 0-1 .45-1 1s.45 1 1 1 1-.45 1-1-.45-1-1-1zm0-8c-.55 0-1 .45-1 1s.45 1 1 1 1-.45 1-1-.45-1-1-1zm0-4c-.55 0-1 .45-1 1s.45 1 1 1 1-.45 1-1-.45-1-1-1zm3 8.5c-.28 0-.5.22-.5.5s.22.5.5.5.5-.22.5-.5-.22-.5-.5-.5zM14 17c-.55 0-1 .45-1 1s.45 1 1 1 1-.45 1-1-.45-1-1-1zm0 3.5c-.28 0-.5.22-.5.5s.22.5.5.5.5-.22.5-.5-.22-.5-.5-.5zm-4-12c-.83 0-1.5.67-1.5 1.5s.67 1.5 1.5 1.5 1.5-.67 1.5-1.5-.67-1.5-1.5-1.5zm0 8.5c-.55 0-1 .45-1 1s.45 1 1 1 1-.45 1-1-.45-1-1-1zm4-4.5c-.83 0-1.5.67-1.5 1.5s.67 1.5 1.5 1.5 1.5-.67 1.5-1.5-.67-1.5-1.5-1.5zm0-4c-.83 0-1.5.67-1.5 1.5s.67 1.5 1.5 1.5 1.5-.67 1.5-1.5-.67-1.5-1.5-1.5z\" fill=\"currentColor\" \/><\/svg>\n\t\t\t\t<\/div>\n\t\t\t<\/div>\n\n\n<p class=\"has-text-align-center\"><strong>For more information, consult the project website:<\/strong><\/p>\n\n\n\n<div class=\"wp-block-image is-style-default\"><figure class=\"aligncenter size-large\"><a href=\"http:\/\/innoresolve.ffeuskadi.net\/pt\/pt-home\/\" target=\"_blank\" rel=\"noopener\"><img decoding=\"async\" width=\"236\" height=\"169\" src=\"https:\/\/apf.com.pt\/wp-content\/uploads\/2021\/05\/Captura-de-ecra-2021-05-04-as-15.50.00.png\" alt=\"\" class=\"wp-image-2507\" srcset=\"https:\/\/apf.com.pt\/wp-content\/uploads\/2021\/05\/Captura-de-ecra-2021-05-04-as-15.50.00.png 236w, https:\/\/apf.com.pt\/wp-content\/uploads\/2021\/05\/Captura-de-ecra-2021-05-04-as-15.50.00-16x12.png 16w\" sizes=\"(max-width: 236px) 100vw, 236px\" \/><\/a><\/figure><\/div>\n\n\n\n<div class=\"wp-block-image\"><figure class=\"alignleft size-vp_sm\"><img decoding=\"async\" width=\"300\" height=\"86\" src=\"https:\/\/apf.com.pt\/wp-content\/uploads\/2021\/05\/erasmus-300x86.jpg\" alt=\"\" class=\"wp-image-2585\" srcset=\"https:\/\/apf.com.pt\/wp-content\/uploads\/2021\/05\/erasmus-300x86.jpg 300w, https:\/\/apf.com.pt\/wp-content\/uploads\/2021\/05\/erasmus-1024x292.jpg 1024w, https:\/\/apf.com.pt\/wp-content\/uploads\/2021\/05\/erasmus-768x219.jpg 768w, https:\/\/apf.com.pt\/wp-content\/uploads\/2021\/05\/erasmus-1536x439.jpg 1536w, https:\/\/apf.com.pt\/wp-content\/uploads\/2021\/05\/erasmus-16x5.jpg 16w, https:\/\/apf.com.pt\/wp-content\/uploads\/2021\/05\/erasmus-800x229.jpg 800w, https:\/\/apf.com.pt\/wp-content\/uploads\/2021\/05\/erasmus-1280x366.jpg 1280w, https:\/\/apf.com.pt\/wp-content\/uploads\/2021\/05\/erasmus-1920x548.jpg 1920w, https:\/\/apf.com.pt\/wp-content\/uploads\/2021\/05\/erasmus.jpg 1964w\" sizes=\"(max-width: 300px) 100vw, 300px\" \/><\/figure><\/div>","protected":false},"excerpt":{"rendered":"<p>O CINFU e a APF foram parceiros no projeto INNORESOLVE. Este projeto decorreu no \u00e2mbito do programa ERASMUS+, num cons\u00f3rcio que envolveu as seguintes organiza\u00e7\u00f5es: AFV \u2013 Asociaci\u00f3n de Fundidores del Pa\u00eds Vasco y Navarra, espanhola, como promotor; FFE \u2013 Fondo Formaci\u00f3n Euskadi, espanhol; UNINETUNNO; Cluj Chamber of Commerce and Industry. O projeto, financiado pela [&hellip;]<\/p>\n","protected":false},"author":2,"featured_media":0,"parent":0,"menu_order":0,"comment_status":"closed","ping_status":"closed","template":"","meta":{"_coblocks_attr":"","_coblocks_dimensions":"","_coblocks_responsive_height":"","_coblocks_accordion_ie_support":"","ocean_post_layout":"","ocean_both_sidebars_style":"","ocean_both_sidebars_content_width":0,"ocean_both_sidebars_sidebars_width":0,"ocean_sidebar":"0","ocean_second_sidebar":"0","ocean_disable_margins":"enable","ocean_add_body_class":"","ocean_shortcode_before_top_bar":"","ocean_shortcode_after_top_bar":"","ocean_shortcode_before_header":"","ocean_shortcode_after_header":"","ocean_has_shortcode":"","ocean_shortcode_after_title":"","ocean_shortcode_before_footer_widgets":"","ocean_shortcode_after_footer_widgets":"","ocean_shortcode_before_footer_bottom":"","ocean_shortcode_after_footer_bottom":"","ocean_display_top_bar":"default","ocean_display_header":"default","ocean_header_style":"","ocean_center_header_left_menu":"0","ocean_custom_header_template":"0","ocean_custom_logo":0,"ocean_custom_retina_logo":0,"ocean_custom_logo_max_width":0,"ocean_custom_logo_tablet_max_width":0,"ocean_custom_logo_mobile_max_width":0,"ocean_custom_logo_max_height":0,"ocean_custom_logo_tablet_max_height":0,"ocean_custom_logo_mobile_max_height":0,"ocean_header_custom_menu":"0","ocean_menu_typo_font_family":"0","ocean_menu_typo_font_subset":"","ocean_menu_typo_font_size":0,"ocean_menu_typo_font_size_tablet":0,"ocean_menu_typo_font_size_mobile":0,"ocean_menu_typo_font_size_unit":"px","ocean_menu_typo_font_weight":"","ocean_menu_typo_font_weight_tablet":"","ocean_menu_typo_font_weight_mobile":"","ocean_menu_typo_transform":"","ocean_menu_typo_transform_tablet":"","ocean_menu_typo_transform_mobile":"","ocean_menu_typo_line_height":0,"ocean_menu_typo_line_height_tablet":0,"ocean_menu_typo_line_height_mobile":0,"ocean_menu_typo_line_height_unit":"","ocean_menu_typo_spacing":0,"ocean_menu_typo_spacing_tablet":0,"ocean_menu_typo_spacing_mobile":0,"ocean_menu_typo_spacing_unit":"","ocean_menu_link_color":"","ocean_menu_link_color_hover":"","ocean_menu_link_color_active":"","ocean_menu_link_background":"","ocean_menu_link_hover_background":"","ocean_menu_link_active_background":"","ocean_menu_social_links_bg":"","ocean_menu_social_hover_links_bg":"","ocean_menu_social_links_color":"","ocean_menu_social_hover_links_color":"","ocean_disable_title":"default","ocean_disable_heading":"default","ocean_post_title":"","ocean_post_subheading":"Enfrentar os desafios da fundi\u00e7\u00e3o 4.0","ocean_post_title_style":"background-image","ocean_post_title_background_color":"","ocean_post_title_background":1321,"ocean_post_title_bg_image_position":"","ocean_post_title_bg_image_attachment":"","ocean_post_title_bg_image_repeat":"","ocean_post_title_bg_image_size":"","ocean_post_title_height":0,"ocean_post_title_bg_overlay":0.5,"ocean_post_title_bg_overlay_color":"","ocean_disable_breadcrumbs":"default","ocean_breadcrumbs_color":"","ocean_breadcrumbs_separator_color":"","ocean_breadcrumbs_links_color":"","ocean_breadcrumbs_links_hover_color":"","ocean_display_footer_widgets":"default","ocean_display_footer_bottom":"default","ocean_custom_footer_template":"0","_vp_format_video_url":"","_vp_image_focal_point":[],"footnotes":""},"class_list":["post-2503","page","type-page","status-publish","hentry","entry"],"featured_image_src":null,"yoast_head":"<!-- This site is optimized with the Yoast SEO plugin v27.4 - https:\/\/yoast.com\/product\/yoast-seo-wordpress\/ -->\n<title>Projeto INNORESOLVE | Inova\u00e7\u00e3o e Fundi\u00e7\u00e3o 4.0 (Erasmus+)<\/title>\n<meta name=\"description\" content=\"Projeto Erasmus+ para a inova\u00e7\u00e3o na Ind\u00fastria de Fundi\u00e7\u00e3o. Desenvolvimento de compet\u00eancias para a Ind\u00fastria 4.0 e resolu\u00e7\u00e3o de problemas (PBL) no setor.\" \/>\n<meta name=\"robots\" content=\"index, follow, max-snippet:-1, max-image-preview:large, max-video-preview:-1\" \/>\n<link rel=\"canonical\" href=\"https:\/\/apf.com.pt\/en\/projecto-innoresolve\/\" \/>\n<meta property=\"og:locale\" content=\"en_GB\" \/>\n<meta property=\"og:type\" content=\"article\" \/>\n<meta property=\"og:title\" content=\"Projeto INNORESOLVE | Inova\u00e7\u00e3o e Fundi\u00e7\u00e3o 4.0 (Erasmus+)\" \/>\n<meta property=\"og:description\" content=\"Projeto Erasmus+ para a inova\u00e7\u00e3o na Ind\u00fastria de Fundi\u00e7\u00e3o. Desenvolvimento de compet\u00eancias para a Ind\u00fastria 4.0 e resolu\u00e7\u00e3o de problemas (PBL) no setor.\" \/>\n<meta property=\"og:url\" content=\"https:\/\/apf.com.pt\/en\/projecto-innoresolve\/\" \/>\n<meta property=\"og:site_name\" content=\"APF - Associa\u00e7\u00e3o Portuguesa de Fundi\u00e7\u00e3o\" \/>\n<meta property=\"article:modified_time\" content=\"2025-12-20T17:02:09+00:00\" \/>\n<meta property=\"og:image\" content=\"https:\/\/apf.com.pt\/wp-content\/uploads\/2021\/05\/Captura-de-ecra-2021-05-04-as-15.50.00.png\" \/>\n\t<meta property=\"og:image:width\" content=\"236\" \/>\n\t<meta property=\"og:image:height\" content=\"169\" \/>\n\t<meta property=\"og:image:type\" content=\"image\/png\" \/>\n<meta name=\"twitter:card\" content=\"summary_large_image\" \/>\n<meta name=\"twitter:label1\" content=\"Estimated reading time\" \/>\n\t<meta name=\"twitter:data1\" content=\"2 minutes\" \/>\n<script type=\"application\/ld+json\" class=\"yoast-schema-graph\">{\"@context\":\"https:\\\/\\\/schema.org\",\"@graph\":[{\"@type\":\"WebPage\",\"@id\":\"https:\\\/\\\/apf.com.pt\\\/projecto-innoresolve\\\/\",\"url\":\"https:\\\/\\\/apf.com.pt\\\/projecto-innoresolve\\\/\",\"name\":\"Projeto INNORESOLVE | Inova\u00e7\u00e3o e Fundi\u00e7\u00e3o 4.0 (Erasmus+)\",\"isPartOf\":{\"@id\":\"https:\\\/\\\/apf.com.pt\\\/#website\"},\"primaryImageOfPage\":{\"@id\":\"https:\\\/\\\/apf.com.pt\\\/projecto-innoresolve\\\/#primaryimage\"},\"image\":{\"@id\":\"https:\\\/\\\/apf.com.pt\\\/projecto-innoresolve\\\/#primaryimage\"},\"thumbnailUrl\":\"https:\\\/\\\/apf.com.pt\\\/wp-content\\\/uploads\\\/2021\\\/05\\\/Captura-de-ecra-2021-05-04-as-15.50.00.png\",\"datePublished\":\"2021-05-04T14:49:09+00:00\",\"dateModified\":\"2025-12-20T17:02:09+00:00\",\"description\":\"Projeto Erasmus+ para a inova\u00e7\u00e3o na Ind\u00fastria de Fundi\u00e7\u00e3o. Desenvolvimento de compet\u00eancias para a Ind\u00fastria 4.0 e resolu\u00e7\u00e3o de problemas (PBL) no setor.\",\"breadcrumb\":{\"@id\":\"https:\\\/\\\/apf.com.pt\\\/projecto-innoresolve\\\/#breadcrumb\"},\"inLanguage\":\"en-GB\",\"potentialAction\":[{\"@type\":\"ReadAction\",\"target\":[\"https:\\\/\\\/apf.com.pt\\\/projecto-innoresolve\\\/\"]}]},{\"@type\":\"ImageObject\",\"inLanguage\":\"en-GB\",\"@id\":\"https:\\\/\\\/apf.com.pt\\\/projecto-innoresolve\\\/#primaryimage\",\"url\":\"https:\\\/\\\/apf.com.pt\\\/wp-content\\\/uploads\\\/2021\\\/05\\\/Captura-de-ecra-2021-05-04-as-15.50.00.png\",\"contentUrl\":\"https:\\\/\\\/apf.com.pt\\\/wp-content\\\/uploads\\\/2021\\\/05\\\/Captura-de-ecra-2021-05-04-as-15.50.00.png\"},{\"@type\":\"BreadcrumbList\",\"@id\":\"https:\\\/\\\/apf.com.pt\\\/projecto-innoresolve\\\/#breadcrumb\",\"itemListElement\":[{\"@type\":\"ListItem\",\"position\":1,\"name\":\"In\u00edcio\",\"item\":\"https:\\\/\\\/apf.com.pt\\\/\"},{\"@type\":\"ListItem\",\"position\":2,\"name\":\"Projeto INNORESOLVE\"}]},{\"@type\":\"WebSite\",\"@id\":\"https:\\\/\\\/apf.com.pt\\\/#website\",\"url\":\"https:\\\/\\\/apf.com.pt\\\/\",\"name\":\"APF - Associa\u00e7\u00e3o Portuguesa de Fundi\u00e7\u00e3o | Ind\u00fastria e Metalurgia\",\"description\":\"Representante da Ind\u00fastria de Fundi\u00e7\u00e3o em Portugal\",\"publisher\":{\"@id\":\"https:\\\/\\\/apf.com.pt\\\/#organization\"},\"alternateName\":\"APF\",\"potentialAction\":[{\"@type\":\"SearchAction\",\"target\":{\"@type\":\"EntryPoint\",\"urlTemplate\":\"https:\\\/\\\/apf.com.pt\\\/?s={search_term_string}\"},\"query-input\":{\"@type\":\"PropertyValueSpecification\",\"valueRequired\":true,\"valueName\":\"search_term_string\"}}],\"inLanguage\":\"en-GB\"},{\"@type\":\"Organization\",\"@id\":\"https:\\\/\\\/apf.com.pt\\\/#organization\",\"name\":\"Associa\u00e7\u00e3o Portuguesa de Fundi\u00e7\u00e3o\",\"alternateName\":\"APF\",\"url\":\"https:\\\/\\\/apf.com.pt\\\/\",\"logo\":{\"@type\":\"ImageObject\",\"inLanguage\":\"en-GB\",\"@id\":\"https:\\\/\\\/apf.com.pt\\\/#\\\/schema\\\/logo\\\/image\\\/\",\"url\":\"https:\\\/\\\/apf.com.pt\\\/wp-content\\\/uploads\\\/2021\\\/05\\\/logo-512x512-1.png\",\"contentUrl\":\"https:\\\/\\\/apf.com.pt\\\/wp-content\\\/uploads\\\/2021\\\/05\\\/logo-512x512-1.png\",\"width\":512,\"height\":512,\"caption\":\"Associa\u00e7\u00e3o Portuguesa de Fundi\u00e7\u00e3o\"},\"image\":{\"@id\":\"https:\\\/\\\/apf.com.pt\\\/#\\\/schema\\\/logo\\\/image\\\/\"}}]}<\/script>\n<!-- \/ Yoast SEO plugin. -->","yoast_head_json":{"title":"Projeto INNORESOLVE | Inova\u00e7\u00e3o e Fundi\u00e7\u00e3o 4.0 (Erasmus+)","description":"Projeto Erasmus+ para a inova\u00e7\u00e3o na Ind\u00fastria de Fundi\u00e7\u00e3o. Desenvolvimento de compet\u00eancias para a Ind\u00fastria 4.0 e resolu\u00e7\u00e3o de problemas (PBL) no setor.","robots":{"index":"index","follow":"follow","max-snippet":"max-snippet:-1","max-image-preview":"max-image-preview:large","max-video-preview":"max-video-preview:-1"},"canonical":"https:\/\/apf.com.pt\/en\/projecto-innoresolve\/","og_locale":"en_GB","og_type":"article","og_title":"Projeto INNORESOLVE | Inova\u00e7\u00e3o e Fundi\u00e7\u00e3o 4.0 (Erasmus+)","og_description":"Projeto Erasmus+ para a inova\u00e7\u00e3o na Ind\u00fastria de Fundi\u00e7\u00e3o. Desenvolvimento de compet\u00eancias para a Ind\u00fastria 4.0 e resolu\u00e7\u00e3o de problemas (PBL) no setor.","og_url":"https:\/\/apf.com.pt\/en\/projecto-innoresolve\/","og_site_name":"APF - Associa\u00e7\u00e3o Portuguesa de Fundi\u00e7\u00e3o","article_modified_time":"2025-12-20T17:02:09+00:00","og_image":[{"width":236,"height":169,"url":"https:\/\/apf.com.pt\/wp-content\/uploads\/2021\/05\/Captura-de-ecra-2021-05-04-as-15.50.00.png","type":"image\/png"}],"twitter_card":"summary_large_image","twitter_misc":{"Estimated reading time":"2 minutes"},"schema":{"@context":"https:\/\/schema.org","@graph":[{"@type":"WebPage","@id":"https:\/\/apf.com.pt\/projecto-innoresolve\/","url":"https:\/\/apf.com.pt\/projecto-innoresolve\/","name":"Projeto INNORESOLVE | Inova\u00e7\u00e3o e Fundi\u00e7\u00e3o 4.0 (Erasmus+)","isPartOf":{"@id":"https:\/\/apf.com.pt\/#website"},"primaryImageOfPage":{"@id":"https:\/\/apf.com.pt\/projecto-innoresolve\/#primaryimage"},"image":{"@id":"https:\/\/apf.com.pt\/projecto-innoresolve\/#primaryimage"},"thumbnailUrl":"https:\/\/apf.com.pt\/wp-content\/uploads\/2021\/05\/Captura-de-ecra-2021-05-04-as-15.50.00.png","datePublished":"2021-05-04T14:49:09+00:00","dateModified":"2025-12-20T17:02:09+00:00","description":"Projeto Erasmus+ para a inova\u00e7\u00e3o na Ind\u00fastria de Fundi\u00e7\u00e3o. Desenvolvimento de compet\u00eancias para a Ind\u00fastria 4.0 e resolu\u00e7\u00e3o de problemas (PBL) no setor.","breadcrumb":{"@id":"https:\/\/apf.com.pt\/projecto-innoresolve\/#breadcrumb"},"inLanguage":"en-GB","potentialAction":[{"@type":"ReadAction","target":["https:\/\/apf.com.pt\/projecto-innoresolve\/"]}]},{"@type":"ImageObject","inLanguage":"en-GB","@id":"https:\/\/apf.com.pt\/projecto-innoresolve\/#primaryimage","url":"https:\/\/apf.com.pt\/wp-content\/uploads\/2021\/05\/Captura-de-ecra-2021-05-04-as-15.50.00.png","contentUrl":"https:\/\/apf.com.pt\/wp-content\/uploads\/2021\/05\/Captura-de-ecra-2021-05-04-as-15.50.00.png"},{"@type":"BreadcrumbList","@id":"https:\/\/apf.com.pt\/projecto-innoresolve\/#breadcrumb","itemListElement":[{"@type":"ListItem","position":1,"name":"In\u00edcio","item":"https:\/\/apf.com.pt\/"},{"@type":"ListItem","position":2,"name":"Projeto INNORESOLVE"}]},{"@type":"WebSite","@id":"https:\/\/apf.com.pt\/#website","url":"https:\/\/apf.com.pt\/","name":"APF - Associa\u00e7\u00e3o Portuguesa de Fundi\u00e7\u00e3o | Ind\u00fastria e Metalurgia","description":"Representante da Ind\u00fastria de Fundi\u00e7\u00e3o em Portugal","publisher":{"@id":"https:\/\/apf.com.pt\/#organization"},"alternateName":"APF","potentialAction":[{"@type":"SearchAction","target":{"@type":"EntryPoint","urlTemplate":"https:\/\/apf.com.pt\/?s={search_term_string}"},"query-input":{"@type":"PropertyValueSpecification","valueRequired":true,"valueName":"search_term_string"}}],"inLanguage":"en-GB"},{"@type":"Organization","@id":"https:\/\/apf.com.pt\/#organization","name":"Portuguese Foundry Association","alternateName":"APF","url":"https:\/\/apf.com.pt\/","logo":{"@type":"ImageObject","inLanguage":"en-GB","@id":"https:\/\/apf.com.pt\/#\/schema\/logo\/image\/","url":"https:\/\/apf.com.pt\/wp-content\/uploads\/2021\/05\/logo-512x512-1.png","contentUrl":"https:\/\/apf.com.pt\/wp-content\/uploads\/2021\/05\/logo-512x512-1.png","width":512,"height":512,"caption":"Associa\u00e7\u00e3o Portuguesa de Fundi\u00e7\u00e3o"},"image":{"@id":"https:\/\/apf.com.pt\/#\/schema\/logo\/image\/"}}]}},"_links":{"self":[{"href":"https:\/\/apf.com.pt\/en\/wp-json\/wp\/v2\/pages\/2503","targetHints":{"allow":["GET"]}}],"collection":[{"href":"https:\/\/apf.com.pt\/en\/wp-json\/wp\/v2\/pages"}],"about":[{"href":"https:\/\/apf.com.pt\/en\/wp-json\/wp\/v2\/types\/page"}],"author":[{"embeddable":true,"href":"https:\/\/apf.com.pt\/en\/wp-json\/wp\/v2\/users\/2"}],"replies":[{"embeddable":true,"href":"https:\/\/apf.com.pt\/en\/wp-json\/wp\/v2\/comments?post=2503"}],"version-history":[{"count":1,"href":"https:\/\/apf.com.pt\/en\/wp-json\/wp\/v2\/pages\/2503\/revisions"}],"predecessor-version":[{"id":3076,"href":"https:\/\/apf.com.pt\/en\/wp-json\/wp\/v2\/pages\/2503\/revisions\/3076"}],"wp:attachment":[{"href":"https:\/\/apf.com.pt\/en\/wp-json\/wp\/v2\/media?parent=2503"}],"curies":[{"name":"wp","href":"https:\/\/api.w.org\/{rel}","templated":true}]}}