{"id":2391,"date":"2021-04-05T10:29:06","date_gmt":"2021-04-05T10:29:06","guid":{"rendered":"https:\/\/apf.com.pt\/?page_id=2391"},"modified":"2025-12-20T16:43:05","modified_gmt":"2025-12-20T16:43:05","slug":"emprego-digital","status":"publish","type":"page","link":"https:\/\/apf.com.pt\/en\/emprego-digital\/","title":{"rendered":"Emprego + Digital"},"content":{"rendered":"<p>The project aims to increase the professional training of assets in the digital area and will be promoted by the business associations associated with CIP. APF, as a CIP member, will participate in the project through CINFU that will carry out training, based on implementation of actions in the digital area that meet the transversal needs of companies.<\/p>\n\n\n\n<p>The Emprego + Digital project is the result of a partnership between the Institute of Employment and Vocational Training (IEFP), the Portugal Digital Mission Structure (EMPD) and CIP \u2013 Confederation of Portuguese Business. Taking place throughout the year 2021, this training will be essential for the acquisition of new skills for the transition process to the digital economy.&nbsp;<\/p>\n\n\n\n<p>The available training plan, without prejudice to its extension to other units of the National Qualifications Catalogue or even training tailored to the specific needs of companies, is as follows:<\/p>\n\n\n\n<figure class=\"wp-block-image size-large\"><img fetchpriority=\"high\" decoding=\"async\" width=\"589\" height=\"332\" src=\"https:\/\/apf.com.pt\/wp-content\/uploads\/2021\/04\/Captura-de-ecra-2021-04-05-as-11.27.28.png\" alt=\"\" class=\"wp-image-2392\" srcset=\"https:\/\/apf.com.pt\/wp-content\/uploads\/2021\/04\/Captura-de-ecra-2021-04-05-as-11.27.28.png 589w, https:\/\/apf.com.pt\/wp-content\/uploads\/2021\/04\/Captura-de-ecra-2021-04-05-as-11.27.28-300x169.png 300w, https:\/\/apf.com.pt\/wp-content\/uploads\/2021\/04\/Captura-de-ecra-2021-04-05-as-11.27.28-16x9.png 16w\" sizes=\"(max-width: 589px) 100vw, 589px\" \/><\/figure>\n\n\n<div style=\"gap: 20px;\" class=\"align-button-center ub-buttons orientation-button-row ub-flex-wrap wp-block-ub-button\" id=\"ub-button-fdea52da-0cb7-4021-a46a-12d1585adf34\"><div class=\"ub-button-container\">\n\t\t\t<a href=\"https:\/\/www.cinfu.pt\/pt\" target=\"_blank\" rel=\"noopener noreferrer nofollow\" class=\"ub-button-block-main\" role=\"button\" style=\"--ub-button-background-color: #cf2e2e; --ub-button-color: #ffffff; --ub-button-border: none; --ub-button-hover-background-color: #313131; --ub-button-hover-color: #ffffff; --ub-button-hover-border: none; padding-top: 10px; padding-right: 10px; padding-bottom: 10px; padding-left: 10px; border-top-left-radius: undefinedpx;; border-top-right-radius: undefinedpx;; border-bottom-left-radius: undefinedpx;; border-bottom-right-radius: undefinedpx;; \">\n\t\t\t\t<div class=\"ub-button-content-holder\" style=\"flex-direction: row\">\n\t\t\t\t\t<span class=\"ub-button-block-btn\">See more...<\/span>\n\t\t\t\t<\/div>\n\t\t\t<\/a>\n\t\t<\/div><\/div>\n\n\n<hr class=\"wp-block-separator has-text-color has-white-color has-css-opacity has-white-background-color has-background\"\/>\n\n\n\n<figure class=\"wp-block-image size-large\"><img decoding=\"async\" width=\"1024\" height=\"155\" src=\"https:\/\/apf.com.pt\/wp-content\/uploads\/2021\/04\/Captura-de-ecra-2021-04-05-as-11.43.24-1024x155.png\" alt=\"\" class=\"wp-image-2400\" srcset=\"https:\/\/apf.com.pt\/wp-content\/uploads\/2021\/04\/Captura-de-ecra-2021-04-05-as-11.43.24-1024x155.png 1024w, https:\/\/apf.com.pt\/wp-content\/uploads\/2021\/04\/Captura-de-ecra-2021-04-05-as-11.43.24-300x45.png 300w, https:\/\/apf.com.pt\/wp-content\/uploads\/2021\/04\/Captura-de-ecra-2021-04-05-as-11.43.24-768x116.png 768w, https:\/\/apf.com.pt\/wp-content\/uploads\/2021\/04\/Captura-de-ecra-2021-04-05-as-11.43.24-800x121.png 800w, https:\/\/apf.com.pt\/wp-content\/uploads\/2021\/04\/Captura-de-ecra-2021-04-05-as-11.43.24-1280x194.png 1280w, https:\/\/apf.com.pt\/wp-content\/uploads\/2021\/04\/Captura-de-ecra-2021-04-05-as-11.43.24-16x2.png 16w, https:\/\/apf.com.pt\/wp-content\/uploads\/2021\/04\/Captura-de-ecra-2021-04-05-as-11.43.24.png 1308w\" sizes=\"(max-width: 1024px) 100vw, 1024px\" \/><\/figure>","protected":false},"excerpt":{"rendered":"<p>O projeto visa incrementar a forma\u00e7\u00e3o profissional dos ativos na \u00e1rea digital e ser\u00e1 dinamizado pelas associa\u00e7\u00f5es empresariais associadas da CIP. A APF, como associada da CIP, participar\u00e1 no projeto atrav\u00e9s do CINFU que levar\u00e1 a cabo a forma\u00e7\u00e3o, assente na realiza\u00e7\u00e3o de a\u00e7\u00f5es na \u00e1rea digital que respondam a necessidades transversais das empresas. O [&hellip;]<\/p>\n","protected":false},"author":2,"featured_media":0,"parent":0,"menu_order":0,"comment_status":"closed","ping_status":"closed","template":"","meta":{"_coblocks_attr":"","_coblocks_dimensions":"","_coblocks_responsive_height":"","_coblocks_accordion_ie_support":"","ocean_post_layout":"","ocean_both_sidebars_style":"","ocean_both_sidebars_content_width":0,"ocean_both_sidebars_sidebars_width":0,"ocean_sidebar":"0","ocean_second_sidebar":"0","ocean_disable_margins":"enable","ocean_add_body_class":"","ocean_shortcode_before_top_bar":"","ocean_shortcode_after_top_bar":"","ocean_shortcode_before_header":"","ocean_shortcode_after_header":"","ocean_has_shortcode":"","ocean_shortcode_after_title":"","ocean_shortcode_before_footer_widgets":"","ocean_shortcode_after_footer_widgets":"","ocean_shortcode_before_footer_bottom":"","ocean_shortcode_after_footer_bottom":"","ocean_display_top_bar":"default","ocean_display_header":"default","ocean_header_style":"","ocean_center_header_left_menu":"0","ocean_custom_header_template":"0","ocean_custom_logo":0,"ocean_custom_retina_logo":0,"ocean_custom_logo_max_width":0,"ocean_custom_logo_tablet_max_width":0,"ocean_custom_logo_mobile_max_width":0,"ocean_custom_logo_max_height":0,"ocean_custom_logo_tablet_max_height":0,"ocean_custom_logo_mobile_max_height":0,"ocean_header_custom_menu":"0","ocean_menu_typo_font_family":"0","ocean_menu_typo_font_subset":"","ocean_menu_typo_font_size":0,"ocean_menu_typo_font_size_tablet":0,"ocean_menu_typo_font_size_mobile":0,"ocean_menu_typo_font_size_unit":"px","ocean_menu_typo_font_weight":"","ocean_menu_typo_font_weight_tablet":"","ocean_menu_typo_font_weight_mobile":"","ocean_menu_typo_transform":"","ocean_menu_typo_transform_tablet":"","ocean_menu_typo_transform_mobile":"","ocean_menu_typo_line_height":0,"ocean_menu_typo_line_height_tablet":0,"ocean_menu_typo_line_height_mobile":0,"ocean_menu_typo_line_height_unit":"","ocean_menu_typo_spacing":0,"ocean_menu_typo_spacing_tablet":0,"ocean_menu_typo_spacing_mobile":0,"ocean_menu_typo_spacing_unit":"","ocean_menu_link_color":"","ocean_menu_link_color_hover":"","ocean_menu_link_color_active":"","ocean_menu_link_background":"","ocean_menu_link_hover_background":"","ocean_menu_link_active_background":"","ocean_menu_social_links_bg":"","ocean_menu_social_hover_links_bg":"","ocean_menu_social_links_color":"","ocean_menu_social_hover_links_color":"","ocean_disable_title":"default","ocean_disable_heading":"default","ocean_post_title":"","ocean_post_subheading":"","ocean_post_title_style":"","ocean_post_title_background_color":"","ocean_post_title_background":0,"ocean_post_title_bg_image_position":"","ocean_post_title_bg_image_attachment":"","ocean_post_title_bg_image_repeat":"","ocean_post_title_bg_image_size":"","ocean_post_title_height":0,"ocean_post_title_bg_overlay":0.5,"ocean_post_title_bg_overlay_color":"","ocean_disable_breadcrumbs":"default","ocean_breadcrumbs_color":"","ocean_breadcrumbs_separator_color":"","ocean_breadcrumbs_links_color":"","ocean_breadcrumbs_links_hover_color":"","ocean_display_footer_widgets":"default","ocean_display_footer_bottom":"default","ocean_custom_footer_template":"0","_vp_format_video_url":"","_vp_image_focal_point":[],"footnotes":""},"class_list":["post-2391","page","type-page","status-publish","hentry","entry"],"featured_image_src":null,"yoast_head":"<!-- This site is optimized with the Yoast SEO plugin v27.4 - https:\/\/yoast.com\/product\/yoast-seo-wordpress\/ -->\n<title>Emprego + Digital | Forma\u00e7\u00e3o para a Ind\u00fastria de Fundi\u00e7\u00e3o<\/title>\n<meta name=\"description\" content=\"Projeto de forma\u00e7\u00e3o profissional na \u00e1rea digital para empresas de fundi\u00e7\u00e3o. Parceria CIP e IEFP, dinamizada pelo CINFU para a transi\u00e7\u00e3o digital do setor.\" \/>\n<meta name=\"robots\" content=\"index, follow, max-snippet:-1, max-image-preview:large, max-video-preview:-1\" \/>\n<link rel=\"canonical\" href=\"https:\/\/apf.com.pt\/en\/emprego-digital\/\" \/>\n<meta property=\"og:locale\" content=\"en_GB\" \/>\n<meta property=\"og:type\" content=\"article\" \/>\n<meta property=\"og:title\" content=\"Emprego + Digital | Forma\u00e7\u00e3o para a Ind\u00fastria de Fundi\u00e7\u00e3o\" \/>\n<meta property=\"og:description\" content=\"Projeto de forma\u00e7\u00e3o profissional na \u00e1rea digital para empresas de fundi\u00e7\u00e3o. Parceria CIP e IEFP, dinamizada pelo CINFU para a transi\u00e7\u00e3o digital do setor.\" \/>\n<meta property=\"og:url\" content=\"https:\/\/apf.com.pt\/en\/emprego-digital\/\" \/>\n<meta property=\"og:site_name\" content=\"APF - Associa\u00e7\u00e3o Portuguesa de Fundi\u00e7\u00e3o\" \/>\n<meta property=\"article:modified_time\" content=\"2025-12-20T16:43:05+00:00\" \/>\n<meta property=\"og:image\" content=\"https:\/\/apf.com.pt\/wp-content\/uploads\/2021\/04\/Captura-de-ecra-2021-04-05-as-11.27.28.png\" \/>\n\t<meta property=\"og:image:width\" content=\"589\" \/>\n\t<meta property=\"og:image:height\" content=\"332\" \/>\n\t<meta property=\"og:image:type\" content=\"image\/png\" \/>\n<meta name=\"twitter:card\" content=\"summary_large_image\" \/>\n<meta name=\"twitter:label1\" content=\"Estimated reading time\" \/>\n\t<meta name=\"twitter:data1\" content=\"2 minutes\" \/>\n<script type=\"application\/ld+json\" class=\"yoast-schema-graph\">{\"@context\":\"https:\\\/\\\/schema.org\",\"@graph\":[{\"@type\":\"WebPage\",\"@id\":\"https:\\\/\\\/apf.com.pt\\\/emprego-digital\\\/\",\"url\":\"https:\\\/\\\/apf.com.pt\\\/emprego-digital\\\/\",\"name\":\"Emprego + Digital | Forma\u00e7\u00e3o para a Ind\u00fastria de Fundi\u00e7\u00e3o\",\"isPartOf\":{\"@id\":\"https:\\\/\\\/apf.com.pt\\\/#website\"},\"primaryImageOfPage\":{\"@id\":\"https:\\\/\\\/apf.com.pt\\\/emprego-digital\\\/#primaryimage\"},\"image\":{\"@id\":\"https:\\\/\\\/apf.com.pt\\\/emprego-digital\\\/#primaryimage\"},\"thumbnailUrl\":\"https:\\\/\\\/apf.com.pt\\\/wp-content\\\/uploads\\\/2021\\\/04\\\/Captura-de-ecra-2021-04-05-as-11.27.28.png\",\"datePublished\":\"2021-04-05T10:29:06+00:00\",\"dateModified\":\"2025-12-20T16:43:05+00:00\",\"description\":\"Projeto de forma\u00e7\u00e3o profissional na \u00e1rea digital para empresas de fundi\u00e7\u00e3o. Parceria CIP e IEFP, dinamizada pelo CINFU para a transi\u00e7\u00e3o digital do setor.\",\"breadcrumb\":{\"@id\":\"https:\\\/\\\/apf.com.pt\\\/emprego-digital\\\/#breadcrumb\"},\"inLanguage\":\"en-GB\",\"potentialAction\":[{\"@type\":\"ReadAction\",\"target\":[\"https:\\\/\\\/apf.com.pt\\\/emprego-digital\\\/\"]}]},{\"@type\":\"ImageObject\",\"inLanguage\":\"en-GB\",\"@id\":\"https:\\\/\\\/apf.com.pt\\\/emprego-digital\\\/#primaryimage\",\"url\":\"https:\\\/\\\/apf.com.pt\\\/wp-content\\\/uploads\\\/2021\\\/04\\\/Captura-de-ecra-2021-04-05-as-11.27.28.png\",\"contentUrl\":\"https:\\\/\\\/apf.com.pt\\\/wp-content\\\/uploads\\\/2021\\\/04\\\/Captura-de-ecra-2021-04-05-as-11.27.28.png\"},{\"@type\":\"BreadcrumbList\",\"@id\":\"https:\\\/\\\/apf.com.pt\\\/emprego-digital\\\/#breadcrumb\",\"itemListElement\":[{\"@type\":\"ListItem\",\"position\":1,\"name\":\"In\u00edcio\",\"item\":\"https:\\\/\\\/apf.com.pt\\\/\"},{\"@type\":\"ListItem\",\"position\":2,\"name\":\"Emprego + Digital\"}]},{\"@type\":\"WebSite\",\"@id\":\"https:\\\/\\\/apf.com.pt\\\/#website\",\"url\":\"https:\\\/\\\/apf.com.pt\\\/\",\"name\":\"APF - Associa\u00e7\u00e3o Portuguesa de Fundi\u00e7\u00e3o | Ind\u00fastria e Metalurgia\",\"description\":\"Representante da Ind\u00fastria de Fundi\u00e7\u00e3o em Portugal\",\"publisher\":{\"@id\":\"https:\\\/\\\/apf.com.pt\\\/#organization\"},\"alternateName\":\"APF\",\"potentialAction\":[{\"@type\":\"SearchAction\",\"target\":{\"@type\":\"EntryPoint\",\"urlTemplate\":\"https:\\\/\\\/apf.com.pt\\\/?s={search_term_string}\"},\"query-input\":{\"@type\":\"PropertyValueSpecification\",\"valueRequired\":true,\"valueName\":\"search_term_string\"}}],\"inLanguage\":\"en-GB\"},{\"@type\":\"Organization\",\"@id\":\"https:\\\/\\\/apf.com.pt\\\/#organization\",\"name\":\"Associa\u00e7\u00e3o Portuguesa de Fundi\u00e7\u00e3o\",\"alternateName\":\"APF\",\"url\":\"https:\\\/\\\/apf.com.pt\\\/\",\"logo\":{\"@type\":\"ImageObject\",\"inLanguage\":\"en-GB\",\"@id\":\"https:\\\/\\\/apf.com.pt\\\/#\\\/schema\\\/logo\\\/image\\\/\",\"url\":\"https:\\\/\\\/apf.com.pt\\\/wp-content\\\/uploads\\\/2021\\\/05\\\/logo-512x512-1.png\",\"contentUrl\":\"https:\\\/\\\/apf.com.pt\\\/wp-content\\\/uploads\\\/2021\\\/05\\\/logo-512x512-1.png\",\"width\":512,\"height\":512,\"caption\":\"Associa\u00e7\u00e3o Portuguesa de Fundi\u00e7\u00e3o\"},\"image\":{\"@id\":\"https:\\\/\\\/apf.com.pt\\\/#\\\/schema\\\/logo\\\/image\\\/\"}}]}<\/script>\n<!-- \/ Yoast SEO plugin. -->","yoast_head_json":{"title":"Emprego + Digital | Forma\u00e7\u00e3o para a Ind\u00fastria de Fundi\u00e7\u00e3o","description":"Projeto de forma\u00e7\u00e3o profissional na \u00e1rea digital para empresas de fundi\u00e7\u00e3o. Parceria CIP e IEFP, dinamizada pelo CINFU para a transi\u00e7\u00e3o digital do setor.","robots":{"index":"index","follow":"follow","max-snippet":"max-snippet:-1","max-image-preview":"max-image-preview:large","max-video-preview":"max-video-preview:-1"},"canonical":"https:\/\/apf.com.pt\/en\/emprego-digital\/","og_locale":"en_GB","og_type":"article","og_title":"Emprego + Digital | Forma\u00e7\u00e3o para a Ind\u00fastria de Fundi\u00e7\u00e3o","og_description":"Projeto de forma\u00e7\u00e3o profissional na \u00e1rea digital para empresas de fundi\u00e7\u00e3o. Parceria CIP e IEFP, dinamizada pelo CINFU para a transi\u00e7\u00e3o digital do setor.","og_url":"https:\/\/apf.com.pt\/en\/emprego-digital\/","og_site_name":"APF - Associa\u00e7\u00e3o Portuguesa de Fundi\u00e7\u00e3o","article_modified_time":"2025-12-20T16:43:05+00:00","og_image":[{"width":589,"height":332,"url":"https:\/\/apf.com.pt\/wp-content\/uploads\/2021\/04\/Captura-de-ecra-2021-04-05-as-11.27.28.png","type":"image\/png"}],"twitter_card":"summary_large_image","twitter_misc":{"Estimated reading time":"2 minutes"},"schema":{"@context":"https:\/\/schema.org","@graph":[{"@type":"WebPage","@id":"https:\/\/apf.com.pt\/emprego-digital\/","url":"https:\/\/apf.com.pt\/emprego-digital\/","name":"Emprego + Digital | Forma\u00e7\u00e3o para a Ind\u00fastria de Fundi\u00e7\u00e3o","isPartOf":{"@id":"https:\/\/apf.com.pt\/#website"},"primaryImageOfPage":{"@id":"https:\/\/apf.com.pt\/emprego-digital\/#primaryimage"},"image":{"@id":"https:\/\/apf.com.pt\/emprego-digital\/#primaryimage"},"thumbnailUrl":"https:\/\/apf.com.pt\/wp-content\/uploads\/2021\/04\/Captura-de-ecra-2021-04-05-as-11.27.28.png","datePublished":"2021-04-05T10:29:06+00:00","dateModified":"2025-12-20T16:43:05+00:00","description":"Projeto de forma\u00e7\u00e3o profissional na \u00e1rea digital para empresas de fundi\u00e7\u00e3o. Parceria CIP e IEFP, dinamizada pelo CINFU para a transi\u00e7\u00e3o digital do setor.","breadcrumb":{"@id":"https:\/\/apf.com.pt\/emprego-digital\/#breadcrumb"},"inLanguage":"en-GB","potentialAction":[{"@type":"ReadAction","target":["https:\/\/apf.com.pt\/emprego-digital\/"]}]},{"@type":"ImageObject","inLanguage":"en-GB","@id":"https:\/\/apf.com.pt\/emprego-digital\/#primaryimage","url":"https:\/\/apf.com.pt\/wp-content\/uploads\/2021\/04\/Captura-de-ecra-2021-04-05-as-11.27.28.png","contentUrl":"https:\/\/apf.com.pt\/wp-content\/uploads\/2021\/04\/Captura-de-ecra-2021-04-05-as-11.27.28.png"},{"@type":"BreadcrumbList","@id":"https:\/\/apf.com.pt\/emprego-digital\/#breadcrumb","itemListElement":[{"@type":"ListItem","position":1,"name":"In\u00edcio","item":"https:\/\/apf.com.pt\/"},{"@type":"ListItem","position":2,"name":"Emprego + Digital"}]},{"@type":"WebSite","@id":"https:\/\/apf.com.pt\/#website","url":"https:\/\/apf.com.pt\/","name":"APF - Associa\u00e7\u00e3o Portuguesa de Fundi\u00e7\u00e3o | Ind\u00fastria e Metalurgia","description":"Representante da Ind\u00fastria de Fundi\u00e7\u00e3o em Portugal","publisher":{"@id":"https:\/\/apf.com.pt\/#organization"},"alternateName":"APF","potentialAction":[{"@type":"SearchAction","target":{"@type":"EntryPoint","urlTemplate":"https:\/\/apf.com.pt\/?s={search_term_string}"},"query-input":{"@type":"PropertyValueSpecification","valueRequired":true,"valueName":"search_term_string"}}],"inLanguage":"en-GB"},{"@type":"Organization","@id":"https:\/\/apf.com.pt\/#organization","name":"Portuguese Foundry Association","alternateName":"APF","url":"https:\/\/apf.com.pt\/","logo":{"@type":"ImageObject","inLanguage":"en-GB","@id":"https:\/\/apf.com.pt\/#\/schema\/logo\/image\/","url":"https:\/\/apf.com.pt\/wp-content\/uploads\/2021\/05\/logo-512x512-1.png","contentUrl":"https:\/\/apf.com.pt\/wp-content\/uploads\/2021\/05\/logo-512x512-1.png","width":512,"height":512,"caption":"Associa\u00e7\u00e3o Portuguesa de Fundi\u00e7\u00e3o"},"image":{"@id":"https:\/\/apf.com.pt\/#\/schema\/logo\/image\/"}}]}},"_links":{"self":[{"href":"https:\/\/apf.com.pt\/en\/wp-json\/wp\/v2\/pages\/2391","targetHints":{"allow":["GET"]}}],"collection":[{"href":"https:\/\/apf.com.pt\/en\/wp-json\/wp\/v2\/pages"}],"about":[{"href":"https:\/\/apf.com.pt\/en\/wp-json\/wp\/v2\/types\/page"}],"author":[{"embeddable":true,"href":"https:\/\/apf.com.pt\/en\/wp-json\/wp\/v2\/users\/2"}],"replies":[{"embeddable":true,"href":"https:\/\/apf.com.pt\/en\/wp-json\/wp\/v2\/comments?post=2391"}],"version-history":[{"count":1,"href":"https:\/\/apf.com.pt\/en\/wp-json\/wp\/v2\/pages\/2391\/revisions"}],"predecessor-version":[{"id":5779,"href":"https:\/\/apf.com.pt\/en\/wp-json\/wp\/v2\/pages\/2391\/revisions\/5779"}],"wp:attachment":[{"href":"https:\/\/apf.com.pt\/en\/wp-json\/wp\/v2\/media?parent=2391"}],"curies":[{"name":"wp","href":"https:\/\/api.w.org\/{rel}","templated":true}]}}