{"id":1433,"date":"2021-03-05T02:46:30","date_gmt":"2021-03-05T02:46:30","guid":{"rendered":"https:\/\/apf.com.pt\/?page_id=1433"},"modified":"2026-01-08T16:26:30","modified_gmt":"2026-01-08T16:26:30","slug":"numeros-do-setor","status":"publish","type":"page","link":"https:\/\/apf.com.pt\/en\/numeros-do-setor\/","title":{"rendered":"Our Sector in Figures"},"content":{"rendered":"<div data-elementor-type=\"wp-page\" data-elementor-id=\"1433\" class=\"elementor elementor-1433\" data-elementor-post-type=\"page\">\n\t\t\t\t<div class=\"elementor-element elementor-element-17a1ead e-flex e-con-boxed e-con e-parent\" data-id=\"17a1ead\" data-element_type=\"container\" data-e-type=\"container\">\n\t\t\t\t\t<div class=\"e-con-inner\">\n\t\t\t\t<div class=\"elementor-element elementor-element-06eac9f elementor-widget elementor-widget-heading\" data-id=\"06eac9f\" data-element_type=\"widget\" data-e-type=\"widget\" data-widget_type=\"heading.default\">\n\t\t\t\t<div class=\"elementor-widget-container\">\n\t\t\t\t\t<h1 class=\"elementor-heading-title elementor-size-default\">Sales in millions of euros<\/h1>\t\t\t\t<\/div>\n\t\t\t\t<\/div>\n\t\t\t\t\t<\/div>\n\t\t\t\t<\/div>\n\t\t<div class=\"elementor-element elementor-element-bf58ec0 e-flex e-con-boxed e-con e-parent\" data-id=\"bf58ec0\" data-element_type=\"container\" data-e-type=\"container\">\n\t\t\t\t\t<div class=\"e-con-inner\">\n\t\t<div class=\"elementor-element elementor-element-be6edf6 e-con-full e-flex e-con e-child\" data-id=\"be6edf6\" data-element_type=\"container\" data-e-type=\"container\">\n\t\t\t\t<div class=\"elementor-element elementor-element-07f326b elementor-widget elementor-widget-image\" data-id=\"07f326b\" data-element_type=\"widget\" data-e-type=\"widget\" data-widget_type=\"image.default\">\n\t\t\t\t<div class=\"elementor-widget-container\">\n\t\t\t\t\t\t\t\t\t\t\t\t\t\t\t\t<a href=\"https:\/\/apf.com.pt\/wp-content\/uploads\/2026\/01\/Vendas-PT-scaled.png\" data-elementor-open-lightbox=\"yes\" data-elementor-lightbox-title=\"Vendas PT\" data-e-action-hash=\"#elementor-action%3Aaction%3Dlightbox%26settings%3DeyJpZCI6NTc5MiwidXJsIjoiaHR0cHM6XC9cL2FwZi5jb20ucHRcL3dwLWNvbnRlbnRcL3VwbG9hZHNcLzIwMjZcLzAxXC9WZW5kYXMtUFQtc2NhbGVkLnBuZyJ9\">\n\t\t\t\t\t\t\t<img fetchpriority=\"high\" decoding=\"async\" width=\"1024\" height=\"588\" src=\"https:\/\/apf.com.pt\/wp-content\/uploads\/2026\/01\/Vendas-EN-scaled.png\" class=\"attachment-large size-large wp-image-5792\" alt=\"\" srcset=\"https:\/\/apf.com.pt\/wp-content\/uploads\/2026\/01\/Vendas-EN-scaled.png 2560w, https:\/\/apf.com.pt\/wp-content\/uploads\/2026\/01\/Vendas-EN-300x172.png 300w, https:\/\/apf.com.pt\/wp-content\/uploads\/2026\/01\/Vendas-EN-1024x588.png 1024w, https:\/\/apf.com.pt\/wp-content\/uploads\/2026\/01\/Vendas-EN-768x441.png 768w, https:\/\/apf.com.pt\/wp-content\/uploads\/2026\/01\/Vendas-EN-1536x882.png 1536w, https:\/\/apf.com.pt\/wp-content\/uploads\/2026\/01\/Vendas-EN-2048x1176.png 2048w, https:\/\/apf.com.pt\/wp-content\/uploads\/2026\/01\/Vendas-EN-18x10.png 18w, https:\/\/apf.com.pt\/wp-content\/uploads\/2026\/01\/Vendas-EN-800x459.png 800w, https:\/\/apf.com.pt\/wp-content\/uploads\/2026\/01\/Vendas-EN-1280x735.png 1280w, https:\/\/apf.com.pt\/wp-content\/uploads\/2026\/01\/Vendas-EN-1920x1102.png 1920w\" sizes=\"(max-width: 1024px) 100vw, 1024px\" \/>\t\t\t\t\t\t\t\t<\/a>\n\t\t\t\t\t\t\t\t\t\t\t\t\t\t\t<\/div>\n\t\t\t\t<\/div>\n\t\t\t\t<\/div>\n\t\t<div class=\"elementor-element elementor-element-9401192 e-con-full e-flex e-con e-child\" data-id=\"9401192\" data-element_type=\"container\" data-e-type=\"container\">\n\t\t\t\t<div class=\"elementor-element elementor-element-0b194e2 elementor-widget elementor-widget-heading\" data-id=\"0b194e2\" data-element_type=\"widget\" data-e-type=\"widget\" data-widget_type=\"heading.default\">\n\t\t\t\t<div class=\"elementor-widget-container\">\n\t\t\t\t\t<h1 class=\"elementor-heading-title elementor-size-default\">\u20ac 609 millions<\/h1>\t\t\t\t<\/div>\n\t\t\t\t<\/div>\n\t\t\t\t<\/div>\n\t\t\t\t\t<\/div>\n\t\t\t\t<\/div>\n\t\t<div class=\"elementor-element elementor-element-5a85b28 e-flex e-con-boxed e-con e-parent\" data-id=\"5a85b28\" data-element_type=\"container\" data-e-type=\"container\">\n\t\t\t\t\t<div class=\"e-con-inner\">\n\t\t<div class=\"elementor-element elementor-element-584eb1d e-con-full e-flex e-con e-child\" data-id=\"584eb1d\" data-element_type=\"container\" data-e-type=\"container\">\n\t\t\t\t<div class=\"elementor-element elementor-element-0c66da5 elementor-widget elementor-widget-heading\" data-id=\"0c66da5\" data-element_type=\"widget\" data-e-type=\"widget\" data-widget_type=\"heading.default\">\n\t\t\t\t<div class=\"elementor-widget-container\">\n\t\t\t\t\t<h1 class=\"elementor-heading-title elementor-size-default\">Production<\/h1>\t\t\t\t<\/div>\n\t\t\t\t<\/div>\n\t\t\t\t<div class=\"elementor-element elementor-element-aa312c2 elementor-widget elementor-widget-text-editor\" data-id=\"aa312c2\" data-element_type=\"widget\" data-e-type=\"widget\" data-widget_type=\"text-editor.default\">\n\t\t\t\t<div class=\"elementor-widget-container\">\n\t\t\t\t\t\t\t\t\t<h3 class=\"wp-block-heading has-text-align-center\">The APF\u00a0groups<\/h3>\n<p><!-- \/wp:heading --><!-- wp:heading {\"textAlign\":\"center\",\"level\":3} --><\/p>\n<h3 class=\"wp-block-heading has-text-align-center\">the most representative<\/h3>\n<p><!-- \/wp:heading --><!-- wp:heading {\"textAlign\":\"center\"} --><\/p>\n<h2 class=\"wp-block-heading has-text-align-center\">foundries.<\/h2>\t\t\t\t\t\t\t\t<\/div>\n\t\t\t\t<\/div>\n\t\t\t\t<\/div>\n\t\t<div class=\"elementor-element elementor-element-4bcd189 e-con-full e-flex e-con e-child\" data-id=\"4bcd189\" data-element_type=\"container\" data-e-type=\"container\">\n\t\t\t\t<div class=\"elementor-element elementor-element-d53b2e1 elementor-widget elementor-widget-heading\" data-id=\"d53b2e1\" data-element_type=\"widget\" data-e-type=\"widget\" data-widget_type=\"heading.default\">\n\t\t\t\t<div class=\"elementor-widget-container\">\n\t\t\t\t\t<h1 class=\"elementor-heading-title elementor-size-default\">Responsible for<\/h1>\t\t\t\t<\/div>\n\t\t\t\t<\/div>\n\t\t\t\t<div class=\"elementor-element elementor-element-f1ba9d4 elementor-widget elementor-widget-image\" data-id=\"f1ba9d4\" data-element_type=\"widget\" data-e-type=\"widget\" data-widget_type=\"image.default\">\n\t\t\t\t<div class=\"elementor-widget-container\">\n\t\t\t\t\t\t\t\t\t\t\t\t\t\t\t<img decoding=\"async\" width=\"637\" height=\"553\" src=\"https:\/\/apf.com.pt\/wp-content\/uploads\/2021\/03\/grafic_numero1-en.jpg\" class=\"attachment-large size-large wp-image-1446\" alt=\"\" srcset=\"https:\/\/apf.com.pt\/wp-content\/uploads\/2021\/03\/grafic_numero1-en.jpg 637w, https:\/\/apf.com.pt\/wp-content\/uploads\/2021\/03\/grafic_numero1-en-300x260.jpg 300w, https:\/\/apf.com.pt\/wp-content\/uploads\/2021\/03\/grafic_numero1-en-500x434.jpg 500w, https:\/\/apf.com.pt\/wp-content\/uploads\/2021\/03\/grafic_numero1-en-14x12.jpg 14w\" sizes=\"(max-width: 637px) 100vw, 637px\" \/>\t\t\t\t\t\t\t\t\t\t\t\t\t\t\t<\/div>\n\t\t\t\t<\/div>\n\t\t\t\t<\/div>\n\t\t\t\t\t<\/div>\n\t\t\t\t<\/div>\n\t\t<div class=\"elementor-element elementor-element-8d3feb9 e-flex e-con-boxed e-con e-parent\" data-id=\"8d3feb9\" data-element_type=\"container\" data-e-type=\"container\">\n\t\t\t\t\t<div class=\"e-con-inner\">\n\t\t\t\t<div class=\"elementor-element elementor-element-b29f9a6 elementor-widget elementor-widget-heading\" data-id=\"b29f9a6\" data-element_type=\"widget\" data-e-type=\"widget\" data-widget_type=\"heading.default\">\n\t\t\t\t<div class=\"elementor-widget-container\">\n\t\t\t\t\t<h1 class=\"elementor-heading-title elementor-size-default\">Production Evolution<\/h1>\t\t\t\t<\/div>\n\t\t\t\t<\/div>\n\t\t\t\t\t<\/div>\n\t\t\t\t<\/div>\n\t\t<div class=\"elementor-element elementor-element-f9db36c e-flex e-con-boxed e-con e-parent\" data-id=\"f9db36c\" data-element_type=\"container\" data-e-type=\"container\">\n\t\t\t\t\t<div class=\"e-con-inner\">\n\t\t\t\t<div class=\"elementor-element elementor-element-b017949 elementor-widget elementor-widget-image\" data-id=\"b017949\" data-element_type=\"widget\" data-e-type=\"widget\" data-widget_type=\"image.default\">\n\t\t\t\t<div class=\"elementor-widget-container\">\n\t\t\t\t\t\t\t\t\t\t\t\t\t\t\t<img decoding=\"async\" width=\"1024\" height=\"441\" src=\"https:\/\/apf.com.pt\/wp-content\/uploads\/2026\/01\/Producao-EN-scaled.png\" class=\"attachment-large size-large wp-image-5793\" alt=\"\" srcset=\"https:\/\/apf.com.pt\/wp-content\/uploads\/2026\/01\/Producao-EN-scaled.png 2560w, https:\/\/apf.com.pt\/wp-content\/uploads\/2026\/01\/Producao-EN-300x129.png 300w, https:\/\/apf.com.pt\/wp-content\/uploads\/2026\/01\/Producao-EN-1024x441.png 1024w, https:\/\/apf.com.pt\/wp-content\/uploads\/2026\/01\/Producao-EN-768x331.png 768w, https:\/\/apf.com.pt\/wp-content\/uploads\/2026\/01\/Producao-EN-1536x662.png 1536w, https:\/\/apf.com.pt\/wp-content\/uploads\/2026\/01\/Producao-EN-2048x883.png 2048w, https:\/\/apf.com.pt\/wp-content\/uploads\/2026\/01\/Producao-EN-18x8.png 18w, https:\/\/apf.com.pt\/wp-content\/uploads\/2026\/01\/Producao-EN-800x345.png 800w, https:\/\/apf.com.pt\/wp-content\/uploads\/2026\/01\/Producao-EN-1280x552.png 1280w, https:\/\/apf.com.pt\/wp-content\/uploads\/2026\/01\/Producao-EN-1920x828.png 1920w\" sizes=\"(max-width: 1024px) 100vw, 1024px\" \/>\t\t\t\t\t\t\t\t\t\t\t\t\t\t\t<\/div>\n\t\t\t\t<\/div>\n\t\t\t\t\t<\/div>\n\t\t\t\t<\/div>\n\t\t<div class=\"elementor-element elementor-element-48478ca e-flex e-con-boxed e-con e-parent\" data-id=\"48478ca\" data-element_type=\"container\" data-e-type=\"container\">\n\t\t\t\t\t<div class=\"e-con-inner\">\n\t\t\t\t<div class=\"elementor-element elementor-element-745f97a elementor-widget elementor-widget-heading\" data-id=\"745f97a\" data-element_type=\"widget\" data-e-type=\"widget\" data-widget_type=\"heading.default\">\n\t\t\t\t<div class=\"elementor-widget-container\">\n\t\t\t\t\t<h1 class=\"elementor-heading-title elementor-size-default\">Distribution by area<\/h1>\t\t\t\t<\/div>\n\t\t\t\t<\/div>\n\t\t\t\t\t<\/div>\n\t\t\t\t<\/div>\n\t\t<div class=\"elementor-element elementor-element-663eef1 e-flex e-con-boxed e-con e-parent\" data-id=\"663eef1\" data-element_type=\"container\" data-e-type=\"container\">\n\t\t\t\t\t<div class=\"e-con-inner\">\n\t\t\t\t<div class=\"elementor-element elementor-element-8a361c2 elementor-widget elementor-widget-image\" data-id=\"8a361c2\" data-element_type=\"widget\" data-e-type=\"widget\" data-widget_type=\"image.default\">\n\t\t\t\t<div class=\"elementor-widget-container\">\n\t\t\t\t\t\t\t\t\t\t\t\t\t\t\t\t<a href=\"https:\/\/apf.com.pt\/wp-content\/uploads\/2026\/01\/Setor-PT-scaled.png\" data-elementor-open-lightbox=\"yes\" data-elementor-lightbox-title=\"Setor PT\" data-e-action-hash=\"#elementor-action%3Aaction%3Dlightbox%26settings%3DeyJpZCI6NTc5OCwidXJsIjoiaHR0cHM6XC9cL2FwZi5jb20ucHRcL3dwLWNvbnRlbnRcL3VwbG9hZHNcLzIwMjZcLzAxXC9TZXRvci1QVC1zY2FsZWQucG5nIn0%3D\">\n\t\t\t\t\t\t\t<img loading=\"lazy\" decoding=\"async\" width=\"1024\" height=\"266\" src=\"https:\/\/apf.com.pt\/wp-content\/uploads\/2026\/01\/Setor-EN-scaled.png\" class=\"attachment-large size-large wp-image-5798\" alt=\"\" srcset=\"https:\/\/apf.com.pt\/wp-content\/uploads\/2026\/01\/Setor-EN-scaled.png 2560w, https:\/\/apf.com.pt\/wp-content\/uploads\/2026\/01\/Setor-EN-300x70.png 300w, https:\/\/apf.com.pt\/wp-content\/uploads\/2026\/01\/Setor-EN-1024x238.png 1024w, https:\/\/apf.com.pt\/wp-content\/uploads\/2026\/01\/Setor-EN-768x178.png 768w, https:\/\/apf.com.pt\/wp-content\/uploads\/2026\/01\/Setor-EN-1536x357.png 1536w, https:\/\/apf.com.pt\/wp-content\/uploads\/2026\/01\/Setor-EN-2048x475.png 2048w, https:\/\/apf.com.pt\/wp-content\/uploads\/2026\/01\/Setor-EN-18x4.png 18w, https:\/\/apf.com.pt\/wp-content\/uploads\/2026\/01\/Setor-EN-800x186.png 800w, https:\/\/apf.com.pt\/wp-content\/uploads\/2026\/01\/Setor-EN-1280x297.png 1280w, https:\/\/apf.com.pt\/wp-content\/uploads\/2026\/01\/Setor-EN-1920x446.png 1920w\" sizes=\"(max-width: 1024px) 100vw, 1024px\" \/>\t\t\t\t\t\t\t\t<\/a>\n\t\t\t\t\t\t\t\t\t\t\t\t\t\t\t<\/div>\n\t\t\t\t<\/div>\n\t\t\t\t\t<\/div>\n\t\t\t\t<\/div>\n\t\t\t\t<\/div>","protected":false},"excerpt":{"rendered":"<p>Vendas em milh\u00f5es de euros \u20ac 609 milh\u00f5es Produ\u00e7\u00e3o A APF\u00a0agrupa as mais representativas fundi\u00e7\u00f5es. Respons\u00e1veis por Evolu\u00e7\u00e3o da Produ\u00e7\u00e3o (Ton.) Distribui\u00e7\u00e3o por \u00e1rea de aplica\u00e7\u00e3o<\/p>","protected":false},"author":1,"featured_media":0,"parent":0,"menu_order":0,"comment_status":"closed","ping_status":"closed","template":"","meta":{"_coblocks_attr":"","_coblocks_dimensions":"","_coblocks_responsive_height":"","_coblocks_accordion_ie_support":"","ocean_post_layout":"","ocean_both_sidebars_style":"","ocean_both_sidebars_content_width":0,"ocean_both_sidebars_sidebars_width":0,"ocean_sidebar":"0","ocean_second_sidebar":"0","ocean_disable_margins":"enable","ocean_add_body_class":"","ocean_shortcode_before_top_bar":"","ocean_shortcode_after_top_bar":"","ocean_shortcode_before_header":"","ocean_shortcode_after_header":"","ocean_has_shortcode":"","ocean_shortcode_after_title":"","ocean_shortcode_before_footer_widgets":"","ocean_shortcode_after_footer_widgets":"","ocean_shortcode_before_footer_bottom":"","ocean_shortcode_after_footer_bottom":"","ocean_display_top_bar":"default","ocean_display_header":"default","ocean_header_style":"","ocean_center_header_left_menu":"0","ocean_custom_header_template":"0","ocean_custom_logo":0,"ocean_custom_retina_logo":0,"ocean_custom_logo_max_width":0,"ocean_custom_logo_tablet_max_width":0,"ocean_custom_logo_mobile_max_width":0,"ocean_custom_logo_max_height":0,"ocean_custom_logo_tablet_max_height":0,"ocean_custom_logo_mobile_max_height":0,"ocean_header_custom_menu":"0","ocean_menu_typo_font_family":"0","ocean_menu_typo_font_subset":"","ocean_menu_typo_font_size":0,"ocean_menu_typo_font_size_tablet":0,"ocean_menu_typo_font_size_mobile":0,"ocean_menu_typo_font_size_unit":"px","ocean_menu_typo_font_weight":"","ocean_menu_typo_font_weight_tablet":"","ocean_menu_typo_font_weight_mobile":"","ocean_menu_typo_transform":"","ocean_menu_typo_transform_tablet":"","ocean_menu_typo_transform_mobile":"","ocean_menu_typo_line_height":0,"ocean_menu_typo_line_height_tablet":0,"ocean_menu_typo_line_height_mobile":0,"ocean_menu_typo_line_height_unit":"","ocean_menu_typo_spacing":0,"ocean_menu_typo_spacing_tablet":0,"ocean_menu_typo_spacing_mobile":0,"ocean_menu_typo_spacing_unit":"","ocean_menu_link_color":"","ocean_menu_link_color_hover":"","ocean_menu_link_color_active":"","ocean_menu_link_background":"","ocean_menu_link_hover_background":"","ocean_menu_link_active_background":"","ocean_menu_social_links_bg":"","ocean_menu_social_hover_links_bg":"","ocean_menu_social_links_color":"","ocean_menu_social_hover_links_color":"","ocean_disable_title":"default","ocean_disable_heading":"default","ocean_post_title":"","ocean_post_subheading":"Highlights","ocean_post_title_style":"background-image","ocean_post_title_background_color":"","ocean_post_title_background":1436,"ocean_post_title_bg_image_position":"center center","ocean_post_title_bg_image_attachment":"","ocean_post_title_bg_image_repeat":"","ocean_post_title_bg_image_size":"","ocean_post_title_height":0,"ocean_post_title_bg_overlay":0.5,"ocean_post_title_bg_overlay_color":"","ocean_disable_breadcrumbs":"default","ocean_breadcrumbs_color":"","ocean_breadcrumbs_separator_color":"","ocean_breadcrumbs_links_color":"","ocean_breadcrumbs_links_hover_color":"","ocean_display_footer_widgets":"default","ocean_display_footer_bottom":"default","ocean_custom_footer_template":"0","_vp_format_video_url":"","_vp_image_focal_point":[],"footnotes":""},"class_list":["post-1433","page","type-page","status-publish","hentry","entry"],"featured_image_src":null,"yoast_head":"<!-- This site is optimized with the Yoast SEO plugin v27.4 - https:\/\/yoast.com\/product\/yoast-seo-wordpress\/ -->\n<title>N\u00fameros do Setor | Estat\u00edsticas e Produ\u00e7\u00e3o da Fundi\u00e7\u00e3o em Portugal<\/title>\n<meta name=\"description\" content=\"Consulte os dados econ\u00f3micos da Ind\u00fastria de Fundi\u00e7\u00e3o. Evolu\u00e7\u00e3o da produ\u00e7\u00e3o (toneladas), volume de vendas e distribui\u00e7\u00e3o por \u00e1rea de aplica\u00e7\u00e3o do setor.\" \/>\n<meta name=\"robots\" content=\"index, follow, max-snippet:-1, max-image-preview:large, max-video-preview:-1\" \/>\n<link rel=\"canonical\" href=\"https:\/\/apf.com.pt\/en\/numeros-do-setor\/\" \/>\n<meta property=\"og:locale\" content=\"en_GB\" \/>\n<meta property=\"og:type\" content=\"article\" \/>\n<meta property=\"og:title\" content=\"N\u00fameros do Setor | Estat\u00edsticas e Produ\u00e7\u00e3o da Fundi\u00e7\u00e3o em Portugal\" \/>\n<meta property=\"og:description\" content=\"Consulte os dados econ\u00f3micos da Ind\u00fastria de Fundi\u00e7\u00e3o. Evolu\u00e7\u00e3o da produ\u00e7\u00e3o (toneladas), volume de vendas e distribui\u00e7\u00e3o por \u00e1rea de aplica\u00e7\u00e3o do setor.\" \/>\n<meta property=\"og:url\" content=\"https:\/\/apf.com.pt\/en\/numeros-do-setor\/\" \/>\n<meta property=\"og:site_name\" content=\"APF - Associa\u00e7\u00e3o Portuguesa de Fundi\u00e7\u00e3o\" \/>\n<meta property=\"article:modified_time\" content=\"2026-01-08T16:26:30+00:00\" \/>\n<meta property=\"og:image\" content=\"https:\/\/apf.com.pt\/wp-content\/uploads\/2026\/01\/Vendas-PT-scaled.png\" \/>\n\t<meta property=\"og:image:width\" content=\"2560\" \/>\n\t<meta property=\"og:image:height\" content=\"1471\" \/>\n\t<meta property=\"og:image:type\" content=\"image\/png\" \/>\n<meta name=\"twitter:card\" content=\"summary_large_image\" \/>\n<meta name=\"twitter:label1\" content=\"Estimated reading time\" \/>\n\t<meta name=\"twitter:data1\" content=\"1 minute\" \/>\n<script type=\"application\/ld+json\" class=\"yoast-schema-graph\">{\"@context\":\"https:\\\/\\\/schema.org\",\"@graph\":[{\"@type\":\"WebPage\",\"@id\":\"https:\\\/\\\/apf.com.pt\\\/numeros-do-setor\\\/\",\"url\":\"https:\\\/\\\/apf.com.pt\\\/numeros-do-setor\\\/\",\"name\":\"N\u00fameros do Setor | Estat\u00edsticas e Produ\u00e7\u00e3o da Fundi\u00e7\u00e3o em Portugal\",\"isPartOf\":{\"@id\":\"https:\\\/\\\/apf.com.pt\\\/#website\"},\"primaryImageOfPage\":{\"@id\":\"https:\\\/\\\/apf.com.pt\\\/numeros-do-setor\\\/#primaryimage\"},\"image\":{\"@id\":\"https:\\\/\\\/apf.com.pt\\\/numeros-do-setor\\\/#primaryimage\"},\"thumbnailUrl\":\"https:\\\/\\\/apf.com.pt\\\/wp-content\\\/uploads\\\/2026\\\/01\\\/Vendas-PT-1024x588.png\",\"datePublished\":\"2021-03-05T02:46:30+00:00\",\"dateModified\":\"2026-01-08T16:26:30+00:00\",\"description\":\"Consulte os dados econ\u00f3micos da Ind\u00fastria de Fundi\u00e7\u00e3o. Evolu\u00e7\u00e3o da produ\u00e7\u00e3o (toneladas), volume de vendas e distribui\u00e7\u00e3o por \u00e1rea de aplica\u00e7\u00e3o do setor.\",\"breadcrumb\":{\"@id\":\"https:\\\/\\\/apf.com.pt\\\/numeros-do-setor\\\/#breadcrumb\"},\"inLanguage\":\"en-GB\",\"potentialAction\":[{\"@type\":\"ReadAction\",\"target\":[\"https:\\\/\\\/apf.com.pt\\\/numeros-do-setor\\\/\"]}]},{\"@type\":\"ImageObject\",\"inLanguage\":\"en-GB\",\"@id\":\"https:\\\/\\\/apf.com.pt\\\/numeros-do-setor\\\/#primaryimage\",\"url\":\"https:\\\/\\\/apf.com.pt\\\/wp-content\\\/uploads\\\/2026\\\/01\\\/Vendas-PT-1024x588.png\",\"contentUrl\":\"https:\\\/\\\/apf.com.pt\\\/wp-content\\\/uploads\\\/2026\\\/01\\\/Vendas-PT-1024x588.png\"},{\"@type\":\"BreadcrumbList\",\"@id\":\"https:\\\/\\\/apf.com.pt\\\/numeros-do-setor\\\/#breadcrumb\",\"itemListElement\":[{\"@type\":\"ListItem\",\"position\":1,\"name\":\"In\u00edcio\",\"item\":\"https:\\\/\\\/apf.com.pt\\\/\"},{\"@type\":\"ListItem\",\"position\":2,\"name\":\"N\u00fameros do Setor\"}]},{\"@type\":\"WebSite\",\"@id\":\"https:\\\/\\\/apf.com.pt\\\/#website\",\"url\":\"https:\\\/\\\/apf.com.pt\\\/\",\"name\":\"APF - Associa\u00e7\u00e3o Portuguesa de Fundi\u00e7\u00e3o | Ind\u00fastria e Metalurgia\",\"description\":\"Representante da Ind\u00fastria de Fundi\u00e7\u00e3o em Portugal\",\"publisher\":{\"@id\":\"https:\\\/\\\/apf.com.pt\\\/#organization\"},\"alternateName\":\"APF\",\"potentialAction\":[{\"@type\":\"SearchAction\",\"target\":{\"@type\":\"EntryPoint\",\"urlTemplate\":\"https:\\\/\\\/apf.com.pt\\\/?s={search_term_string}\"},\"query-input\":{\"@type\":\"PropertyValueSpecification\",\"valueRequired\":true,\"valueName\":\"search_term_string\"}}],\"inLanguage\":\"en-GB\"},{\"@type\":\"Organization\",\"@id\":\"https:\\\/\\\/apf.com.pt\\\/#organization\",\"name\":\"Associa\u00e7\u00e3o Portuguesa de Fundi\u00e7\u00e3o\",\"alternateName\":\"APF\",\"url\":\"https:\\\/\\\/apf.com.pt\\\/\",\"logo\":{\"@type\":\"ImageObject\",\"inLanguage\":\"en-GB\",\"@id\":\"https:\\\/\\\/apf.com.pt\\\/#\\\/schema\\\/logo\\\/image\\\/\",\"url\":\"https:\\\/\\\/apf.com.pt\\\/wp-content\\\/uploads\\\/2021\\\/05\\\/logo-512x512-1.png\",\"contentUrl\":\"https:\\\/\\\/apf.com.pt\\\/wp-content\\\/uploads\\\/2021\\\/05\\\/logo-512x512-1.png\",\"width\":512,\"height\":512,\"caption\":\"Associa\u00e7\u00e3o Portuguesa de Fundi\u00e7\u00e3o\"},\"image\":{\"@id\":\"https:\\\/\\\/apf.com.pt\\\/#\\\/schema\\\/logo\\\/image\\\/\"}}]}<\/script>\n<!-- \/ Yoast SEO plugin. -->","yoast_head_json":{"title":"N\u00fameros do Setor | Estat\u00edsticas e Produ\u00e7\u00e3o da Fundi\u00e7\u00e3o em Portugal","description":"Consulte os dados econ\u00f3micos da Ind\u00fastria de Fundi\u00e7\u00e3o. Evolu\u00e7\u00e3o da produ\u00e7\u00e3o (toneladas), volume de vendas e distribui\u00e7\u00e3o por \u00e1rea de aplica\u00e7\u00e3o do setor.","robots":{"index":"index","follow":"follow","max-snippet":"max-snippet:-1","max-image-preview":"max-image-preview:large","max-video-preview":"max-video-preview:-1"},"canonical":"https:\/\/apf.com.pt\/en\/numeros-do-setor\/","og_locale":"en_GB","og_type":"article","og_title":"N\u00fameros do Setor | Estat\u00edsticas e Produ\u00e7\u00e3o da Fundi\u00e7\u00e3o em Portugal","og_description":"Consulte os dados econ\u00f3micos da Ind\u00fastria de Fundi\u00e7\u00e3o. Evolu\u00e7\u00e3o da produ\u00e7\u00e3o (toneladas), volume de vendas e distribui\u00e7\u00e3o por \u00e1rea de aplica\u00e7\u00e3o do setor.","og_url":"https:\/\/apf.com.pt\/en\/numeros-do-setor\/","og_site_name":"APF - Associa\u00e7\u00e3o Portuguesa de Fundi\u00e7\u00e3o","article_modified_time":"2026-01-08T16:26:30+00:00","og_image":[{"width":2560,"height":1471,"url":"https:\/\/apf.com.pt\/wp-content\/uploads\/2026\/01\/Vendas-PT-scaled.png","type":"image\/png"}],"twitter_card":"summary_large_image","twitter_misc":{"Estimated reading time":"1 minute"},"schema":{"@context":"https:\/\/schema.org","@graph":[{"@type":"WebPage","@id":"https:\/\/apf.com.pt\/numeros-do-setor\/","url":"https:\/\/apf.com.pt\/numeros-do-setor\/","name":"N\u00fameros do Setor | Estat\u00edsticas e Produ\u00e7\u00e3o da Fundi\u00e7\u00e3o em Portugal","isPartOf":{"@id":"https:\/\/apf.com.pt\/#website"},"primaryImageOfPage":{"@id":"https:\/\/apf.com.pt\/numeros-do-setor\/#primaryimage"},"image":{"@id":"https:\/\/apf.com.pt\/numeros-do-setor\/#primaryimage"},"thumbnailUrl":"https:\/\/apf.com.pt\/wp-content\/uploads\/2026\/01\/Vendas-PT-1024x588.png","datePublished":"2021-03-05T02:46:30+00:00","dateModified":"2026-01-08T16:26:30+00:00","description":"Consulte os dados econ\u00f3micos da Ind\u00fastria de Fundi\u00e7\u00e3o. Evolu\u00e7\u00e3o da produ\u00e7\u00e3o (toneladas), volume de vendas e distribui\u00e7\u00e3o por \u00e1rea de aplica\u00e7\u00e3o do setor.","breadcrumb":{"@id":"https:\/\/apf.com.pt\/numeros-do-setor\/#breadcrumb"},"inLanguage":"en-GB","potentialAction":[{"@type":"ReadAction","target":["https:\/\/apf.com.pt\/numeros-do-setor\/"]}]},{"@type":"ImageObject","inLanguage":"en-GB","@id":"https:\/\/apf.com.pt\/numeros-do-setor\/#primaryimage","url":"https:\/\/apf.com.pt\/wp-content\/uploads\/2026\/01\/Vendas-PT-1024x588.png","contentUrl":"https:\/\/apf.com.pt\/wp-content\/uploads\/2026\/01\/Vendas-PT-1024x588.png"},{"@type":"BreadcrumbList","@id":"https:\/\/apf.com.pt\/numeros-do-setor\/#breadcrumb","itemListElement":[{"@type":"ListItem","position":1,"name":"In\u00edcio","item":"https:\/\/apf.com.pt\/"},{"@type":"ListItem","position":2,"name":"N\u00fameros do Setor"}]},{"@type":"WebSite","@id":"https:\/\/apf.com.pt\/#website","url":"https:\/\/apf.com.pt\/","name":"APF - Associa\u00e7\u00e3o Portuguesa de Fundi\u00e7\u00e3o | Ind\u00fastria e Metalurgia","description":"Representante da Ind\u00fastria de Fundi\u00e7\u00e3o em Portugal","publisher":{"@id":"https:\/\/apf.com.pt\/#organization"},"alternateName":"APF","potentialAction":[{"@type":"SearchAction","target":{"@type":"EntryPoint","urlTemplate":"https:\/\/apf.com.pt\/?s={search_term_string}"},"query-input":{"@type":"PropertyValueSpecification","valueRequired":true,"valueName":"search_term_string"}}],"inLanguage":"en-GB"},{"@type":"Organization","@id":"https:\/\/apf.com.pt\/#organization","name":"Portuguese Foundry Association","alternateName":"APF","url":"https:\/\/apf.com.pt\/","logo":{"@type":"ImageObject","inLanguage":"en-GB","@id":"https:\/\/apf.com.pt\/#\/schema\/logo\/image\/","url":"https:\/\/apf.com.pt\/wp-content\/uploads\/2021\/05\/logo-512x512-1.png","contentUrl":"https:\/\/apf.com.pt\/wp-content\/uploads\/2021\/05\/logo-512x512-1.png","width":512,"height":512,"caption":"Associa\u00e7\u00e3o Portuguesa de Fundi\u00e7\u00e3o"},"image":{"@id":"https:\/\/apf.com.pt\/#\/schema\/logo\/image\/"}}]}},"_links":{"self":[{"href":"https:\/\/apf.com.pt\/en\/wp-json\/wp\/v2\/pages\/1433","targetHints":{"allow":["GET"]}}],"collection":[{"href":"https:\/\/apf.com.pt\/en\/wp-json\/wp\/v2\/pages"}],"about":[{"href":"https:\/\/apf.com.pt\/en\/wp-json\/wp\/v2\/types\/page"}],"author":[{"embeddable":true,"href":"https:\/\/apf.com.pt\/en\/wp-json\/wp\/v2\/users\/1"}],"replies":[{"embeddable":true,"href":"https:\/\/apf.com.pt\/en\/wp-json\/wp\/v2\/comments?post=1433"}],"version-history":[{"count":22,"href":"https:\/\/apf.com.pt\/en\/wp-json\/wp\/v2\/pages\/1433\/revisions"}],"predecessor-version":[{"id":5808,"href":"https:\/\/apf.com.pt\/en\/wp-json\/wp\/v2\/pages\/1433\/revisions\/5808"}],"wp:attachment":[{"href":"https:\/\/apf.com.pt\/en\/wp-json\/wp\/v2\/media?parent=1433"}],"curies":[{"name":"wp","href":"https:\/\/api.w.org\/{rel}","templated":true}]}}