{"id":1312,"date":"2021-03-05T01:41:38","date_gmt":"2021-03-05T01:41:38","guid":{"rendered":"https:\/\/apf.com.pt\/?page_id=1312"},"modified":"2025-12-20T16:37:29","modified_gmt":"2025-12-20T16:37:29","slug":"campanha-prevencao-act","status":"publish","type":"page","link":"https:\/\/apf.com.pt\/en\/campanha-prevencao-act\/","title":{"rendered":"Prevention Campaign \u2013 ACT"},"content":{"rendered":"<h4 class=\"wp-block-heading\">ACT \u2013 Authority for Working Conditions in partnership with&nbsp;<em>ITSS \u2013 Inspecci\u00f3n de Trabajo y Seguridad Social&nbsp;<\/em>launched in May 2016 the&nbsp;<strong>Iberian Campaign for the Prevention of Accidents at Work<\/strong>.<\/h4>\n\n\n\n<p>The reduction of occupational accidents is one of the strategic objectives included in the European Strategic Framework for Safety and Health at Work 2014 \u2013 2020, as well as the Safety and Health at Work Strategies of Portugal and Spain.<\/p>\n\n\n\n<p>Thus, the campaign constitutes one of the privileged strategic instruments for the implementation of the National Strategy for Safety and Health at Work 2015-2020, embodied through measure no. 11 \u201cDevelop a prevention and awareness campaign on work accidents and occupational diseases and their repair, including information on technical support for rehabilitation and professional reintegration\u201d.<\/p>\n\n\n\n<p>The main objective of this campaign was to raise awareness among employers, workers, and society in general of the main causes of accidents, their costs and consequences. Its focus was on small, medium and micro-enterprises, as they are the ones that need greeter support.<\/p>\n\n\n\n<p>This campaign resulted in 14 videos that analyse the causes of accidents and how to investigate them, as well as 9 leaflets.<\/p>\n\n\n\n<p class=\"has-text-align-center\"><strong><br>To view the videos and all the leaflets, consult the following address on the ACT website<\/strong><\/p>\n\n\n<div style=\"gap: 20px;\" class=\"align-button-center ub-buttons orientation-button-row ub-flex-wrap wp-block-ub-button\" id=\"ub-button-edb43a2e-5876-42a0-8b23-12b1599a118b\"><div class=\"ub-button-container\">\n\t\t\t<a href=\"https:\/\/www.act.gov.pt\/(pt-PT)\/Campanhas\/Campanhasrealizadas\/CampanhaIbericadePrevencaodeAcidentesdeTrabalho\/Paginas\/default.aspx\" target=\"_blank\" rel=\"noopener noreferrer nofollow\" class=\"ub-button-block-main\" role=\"button\" style=\"--ub-button-background-color: #cf2e2e; --ub-button-color: #ffffff; --ub-button-border: none; --ub-button-hover-background-color: #313131; --ub-button-hover-color: #ffffff; --ub-button-hover-border: none; padding-top: 10px; padding-right: 10px; padding-bottom: 10px; padding-left: 10px; \">\n\t\t\t\t<div class=\"ub-button-content-holder\" style=\"flex-direction: row\">\n\t\t\t\t\t<span class=\"ub-button-block-btn\">Prevention Campaign<\/span>\n\t\t\t\t<\/div>\n\t\t\t<\/a>\n\t\t<\/div><\/div>","protected":false},"excerpt":{"rendered":"<p>A ACT \u2013 Autoridade para as Condi\u00e7\u00f5es de Trabalho em parceria com a&nbsp;ITSS \u2013 Inspecci\u00f3n de Trabajo y Seguridad Social&nbsp;lan\u00e7aram em maio de 2016 a&nbsp;Campanha Ib\u00e9rica de Preven\u00e7\u00e3o de Acidentes de Trabalho. A redu\u00e7\u00e3o dos acidentes de trabalho constitui um dos objetivos estrat\u00e9gicos inscritos no Quadro Estrat\u00e9gico Europeu para a Seguran\u00e7a e Sa\u00fade no Trabalho [&hellip;]<\/p>\n","protected":false},"author":1,"featured_media":0,"parent":0,"menu_order":0,"comment_status":"closed","ping_status":"closed","template":"","meta":{"_coblocks_attr":"","_coblocks_dimensions":"","_coblocks_responsive_height":"","_coblocks_accordion_ie_support":"","ocean_post_layout":"","ocean_both_sidebars_style":"","ocean_both_sidebars_content_width":0,"ocean_both_sidebars_sidebars_width":0,"ocean_sidebar":"0","ocean_second_sidebar":"0","ocean_disable_margins":"enable","ocean_add_body_class":"","ocean_shortcode_before_top_bar":"","ocean_shortcode_after_top_bar":"","ocean_shortcode_before_header":"","ocean_shortcode_after_header":"","ocean_has_shortcode":"","ocean_shortcode_after_title":"","ocean_shortcode_before_footer_widgets":"","ocean_shortcode_after_footer_widgets":"","ocean_shortcode_before_footer_bottom":"","ocean_shortcode_after_footer_bottom":"","ocean_display_top_bar":"default","ocean_display_header":"default","ocean_header_style":"","ocean_center_header_left_menu":"0","ocean_custom_header_template":"0","ocean_custom_logo":0,"ocean_custom_retina_logo":0,"ocean_custom_logo_max_width":0,"ocean_custom_logo_tablet_max_width":0,"ocean_custom_logo_mobile_max_width":0,"ocean_custom_logo_max_height":0,"ocean_custom_logo_tablet_max_height":0,"ocean_custom_logo_mobile_max_height":0,"ocean_header_custom_menu":"0","ocean_menu_typo_font_family":"0","ocean_menu_typo_font_subset":"","ocean_menu_typo_font_size":0,"ocean_menu_typo_font_size_tablet":0,"ocean_menu_typo_font_size_mobile":0,"ocean_menu_typo_font_size_unit":"px","ocean_menu_typo_font_weight":"","ocean_menu_typo_font_weight_tablet":"","ocean_menu_typo_font_weight_mobile":"","ocean_menu_typo_transform":"","ocean_menu_typo_transform_tablet":"","ocean_menu_typo_transform_mobile":"","ocean_menu_typo_line_height":0,"ocean_menu_typo_line_height_tablet":0,"ocean_menu_typo_line_height_mobile":0,"ocean_menu_typo_line_height_unit":"","ocean_menu_typo_spacing":0,"ocean_menu_typo_spacing_tablet":0,"ocean_menu_typo_spacing_mobile":0,"ocean_menu_typo_spacing_unit":"","ocean_menu_link_color":"","ocean_menu_link_color_hover":"","ocean_menu_link_color_active":"","ocean_menu_link_background":"","ocean_menu_link_hover_background":"","ocean_menu_link_active_background":"","ocean_menu_social_links_bg":"","ocean_menu_social_hover_links_bg":"","ocean_menu_social_links_color":"","ocean_menu_social_hover_links_color":"","ocean_disable_title":"default","ocean_disable_heading":"default","ocean_post_title":"","ocean_post_subheading":"","ocean_post_title_style":"background-image","ocean_post_title_background_color":"","ocean_post_title_background":1313,"ocean_post_title_bg_image_position":"center center","ocean_post_title_bg_image_attachment":"","ocean_post_title_bg_image_repeat":"","ocean_post_title_bg_image_size":"","ocean_post_title_height":0,"ocean_post_title_bg_overlay":0.5,"ocean_post_title_bg_overlay_color":"","ocean_disable_breadcrumbs":"default","ocean_breadcrumbs_color":"","ocean_breadcrumbs_separator_color":"","ocean_breadcrumbs_links_color":"","ocean_breadcrumbs_links_hover_color":"","ocean_display_footer_widgets":"default","ocean_display_footer_bottom":"default","ocean_custom_footer_template":"0","_vp_format_video_url":"","_vp_image_focal_point":[],"footnotes":""},"class_list":["post-1312","page","type-page","status-publish","hentry","entry"],"featured_image_src":null,"yoast_head":"<!-- This site is optimized with the Yoast SEO plugin v27.4 - https:\/\/yoast.com\/product\/yoast-seo-wordpress\/ -->\n<title>Campanha de Preven\u00e7\u00e3o de Acidentes de Trabalho (ACT) | Seguran\u00e7a<\/title>\n<meta name=\"description\" content=\"Informa\u00e7\u00e3o sobre a Campanha Ib\u00e9rica de Preven\u00e7\u00e3o de Acidentes de Trabalho (ACT). V\u00eddeos e recursos para promover a seguran\u00e7a e reduzir a sinistralidade.\" \/>\n<meta name=\"robots\" content=\"index, follow, max-snippet:-1, max-image-preview:large, max-video-preview:-1\" \/>\n<link rel=\"canonical\" href=\"https:\/\/apf.com.pt\/en\/campanha-prevencao-act\/\" \/>\n<meta property=\"og:locale\" content=\"en_GB\" \/>\n<meta property=\"og:type\" content=\"article\" \/>\n<meta property=\"og:title\" content=\"Campanha de Preven\u00e7\u00e3o de Acidentes de Trabalho (ACT) | Seguran\u00e7a\" \/>\n<meta property=\"og:description\" content=\"Informa\u00e7\u00e3o sobre a Campanha Ib\u00e9rica de Preven\u00e7\u00e3o de Acidentes de Trabalho (ACT). V\u00eddeos e recursos para promover a seguran\u00e7a e reduzir a sinistralidade.\" \/>\n<meta property=\"og:url\" content=\"https:\/\/apf.com.pt\/en\/campanha-prevencao-act\/\" \/>\n<meta property=\"og:site_name\" content=\"APF - Associa\u00e7\u00e3o Portuguesa de Fundi\u00e7\u00e3o\" \/>\n<meta property=\"article:modified_time\" content=\"2025-12-20T16:37:29+00:00\" \/>\n<meta property=\"og:image\" content=\"https:\/\/apf.com.pt\/wp-content\/uploads\/2021\/05\/logo-512x512-1.png\" \/>\n\t<meta property=\"og:image:width\" content=\"512\" \/>\n\t<meta property=\"og:image:height\" content=\"512\" \/>\n\t<meta property=\"og:image:type\" content=\"image\/png\" \/>\n<meta name=\"twitter:card\" content=\"summary_large_image\" \/>\n<meta name=\"twitter:label1\" content=\"Estimated reading time\" \/>\n\t<meta name=\"twitter:data1\" content=\"2 minutes\" \/>\n<script type=\"application\/ld+json\" class=\"yoast-schema-graph\">{\"@context\":\"https:\\\/\\\/schema.org\",\"@graph\":[{\"@type\":\"WebPage\",\"@id\":\"https:\\\/\\\/apf.com.pt\\\/campanha-prevencao-act\\\/\",\"url\":\"https:\\\/\\\/apf.com.pt\\\/campanha-prevencao-act\\\/\",\"name\":\"Campanha de Preven\u00e7\u00e3o de Acidentes de Trabalho (ACT) | Seguran\u00e7a\",\"isPartOf\":{\"@id\":\"https:\\\/\\\/apf.com.pt\\\/#website\"},\"datePublished\":\"2021-03-05T01:41:38+00:00\",\"dateModified\":\"2025-12-20T16:37:29+00:00\",\"description\":\"Informa\u00e7\u00e3o sobre a Campanha Ib\u00e9rica de Preven\u00e7\u00e3o de Acidentes de Trabalho (ACT). V\u00eddeos e recursos para promover a seguran\u00e7a e reduzir a sinistralidade.\",\"breadcrumb\":{\"@id\":\"https:\\\/\\\/apf.com.pt\\\/campanha-prevencao-act\\\/#breadcrumb\"},\"inLanguage\":\"en-GB\",\"potentialAction\":[{\"@type\":\"ReadAction\",\"target\":[\"https:\\\/\\\/apf.com.pt\\\/campanha-prevencao-act\\\/\"]}]},{\"@type\":\"BreadcrumbList\",\"@id\":\"https:\\\/\\\/apf.com.pt\\\/campanha-prevencao-act\\\/#breadcrumb\",\"itemListElement\":[{\"@type\":\"ListItem\",\"position\":1,\"name\":\"In\u00edcio\",\"item\":\"https:\\\/\\\/apf.com.pt\\\/\"},{\"@type\":\"ListItem\",\"position\":2,\"name\":\"Campanha Preven\u00e7\u00e3o \u2013 ACT\"}]},{\"@type\":\"WebSite\",\"@id\":\"https:\\\/\\\/apf.com.pt\\\/#website\",\"url\":\"https:\\\/\\\/apf.com.pt\\\/\",\"name\":\"APF - Associa\u00e7\u00e3o Portuguesa de Fundi\u00e7\u00e3o | Ind\u00fastria e Metalurgia\",\"description\":\"Representante da Ind\u00fastria de Fundi\u00e7\u00e3o em Portugal\",\"publisher\":{\"@id\":\"https:\\\/\\\/apf.com.pt\\\/#organization\"},\"alternateName\":\"APF\",\"potentialAction\":[{\"@type\":\"SearchAction\",\"target\":{\"@type\":\"EntryPoint\",\"urlTemplate\":\"https:\\\/\\\/apf.com.pt\\\/?s={search_term_string}\"},\"query-input\":{\"@type\":\"PropertyValueSpecification\",\"valueRequired\":true,\"valueName\":\"search_term_string\"}}],\"inLanguage\":\"en-GB\"},{\"@type\":\"Organization\",\"@id\":\"https:\\\/\\\/apf.com.pt\\\/#organization\",\"name\":\"Associa\u00e7\u00e3o Portuguesa de Fundi\u00e7\u00e3o\",\"alternateName\":\"APF\",\"url\":\"https:\\\/\\\/apf.com.pt\\\/\",\"logo\":{\"@type\":\"ImageObject\",\"inLanguage\":\"en-GB\",\"@id\":\"https:\\\/\\\/apf.com.pt\\\/#\\\/schema\\\/logo\\\/image\\\/\",\"url\":\"https:\\\/\\\/apf.com.pt\\\/wp-content\\\/uploads\\\/2021\\\/05\\\/logo-512x512-1.png\",\"contentUrl\":\"https:\\\/\\\/apf.com.pt\\\/wp-content\\\/uploads\\\/2021\\\/05\\\/logo-512x512-1.png\",\"width\":512,\"height\":512,\"caption\":\"Associa\u00e7\u00e3o Portuguesa de Fundi\u00e7\u00e3o\"},\"image\":{\"@id\":\"https:\\\/\\\/apf.com.pt\\\/#\\\/schema\\\/logo\\\/image\\\/\"}}]}<\/script>\n<!-- \/ Yoast SEO plugin. -->","yoast_head_json":{"title":"Campanha de Preven\u00e7\u00e3o de Acidentes de Trabalho (ACT) | Seguran\u00e7a","description":"Informa\u00e7\u00e3o sobre a Campanha Ib\u00e9rica de Preven\u00e7\u00e3o de Acidentes de Trabalho (ACT). V\u00eddeos e recursos para promover a seguran\u00e7a e reduzir a sinistralidade.","robots":{"index":"index","follow":"follow","max-snippet":"max-snippet:-1","max-image-preview":"max-image-preview:large","max-video-preview":"max-video-preview:-1"},"canonical":"https:\/\/apf.com.pt\/en\/campanha-prevencao-act\/","og_locale":"en_GB","og_type":"article","og_title":"Campanha de Preven\u00e7\u00e3o de Acidentes de Trabalho (ACT) | Seguran\u00e7a","og_description":"Informa\u00e7\u00e3o sobre a Campanha Ib\u00e9rica de Preven\u00e7\u00e3o de Acidentes de Trabalho (ACT). V\u00eddeos e recursos para promover a seguran\u00e7a e reduzir a sinistralidade.","og_url":"https:\/\/apf.com.pt\/en\/campanha-prevencao-act\/","og_site_name":"APF - Associa\u00e7\u00e3o Portuguesa de Fundi\u00e7\u00e3o","article_modified_time":"2025-12-20T16:37:29+00:00","og_image":[{"width":512,"height":512,"url":"https:\/\/apf.com.pt\/wp-content\/uploads\/2021\/05\/logo-512x512-1.png","type":"image\/png"}],"twitter_card":"summary_large_image","twitter_misc":{"Estimated reading time":"2 minutes"},"schema":{"@context":"https:\/\/schema.org","@graph":[{"@type":"WebPage","@id":"https:\/\/apf.com.pt\/campanha-prevencao-act\/","url":"https:\/\/apf.com.pt\/campanha-prevencao-act\/","name":"Campanha de Preven\u00e7\u00e3o de Acidentes de Trabalho (ACT) | Seguran\u00e7a","isPartOf":{"@id":"https:\/\/apf.com.pt\/#website"},"datePublished":"2021-03-05T01:41:38+00:00","dateModified":"2025-12-20T16:37:29+00:00","description":"Informa\u00e7\u00e3o sobre a Campanha Ib\u00e9rica de Preven\u00e7\u00e3o de Acidentes de Trabalho (ACT). V\u00eddeos e recursos para promover a seguran\u00e7a e reduzir a sinistralidade.","breadcrumb":{"@id":"https:\/\/apf.com.pt\/campanha-prevencao-act\/#breadcrumb"},"inLanguage":"en-GB","potentialAction":[{"@type":"ReadAction","target":["https:\/\/apf.com.pt\/campanha-prevencao-act\/"]}]},{"@type":"BreadcrumbList","@id":"https:\/\/apf.com.pt\/campanha-prevencao-act\/#breadcrumb","itemListElement":[{"@type":"ListItem","position":1,"name":"In\u00edcio","item":"https:\/\/apf.com.pt\/"},{"@type":"ListItem","position":2,"name":"Campanha Preven\u00e7\u00e3o \u2013 ACT"}]},{"@type":"WebSite","@id":"https:\/\/apf.com.pt\/#website","url":"https:\/\/apf.com.pt\/","name":"APF - Associa\u00e7\u00e3o Portuguesa de Fundi\u00e7\u00e3o | Ind\u00fastria e Metalurgia","description":"Representante da Ind\u00fastria de Fundi\u00e7\u00e3o em Portugal","publisher":{"@id":"https:\/\/apf.com.pt\/#organization"},"alternateName":"APF","potentialAction":[{"@type":"SearchAction","target":{"@type":"EntryPoint","urlTemplate":"https:\/\/apf.com.pt\/?s={search_term_string}"},"query-input":{"@type":"PropertyValueSpecification","valueRequired":true,"valueName":"search_term_string"}}],"inLanguage":"en-GB"},{"@type":"Organization","@id":"https:\/\/apf.com.pt\/#organization","name":"Portuguese Foundry Association","alternateName":"APF","url":"https:\/\/apf.com.pt\/","logo":{"@type":"ImageObject","inLanguage":"en-GB","@id":"https:\/\/apf.com.pt\/#\/schema\/logo\/image\/","url":"https:\/\/apf.com.pt\/wp-content\/uploads\/2021\/05\/logo-512x512-1.png","contentUrl":"https:\/\/apf.com.pt\/wp-content\/uploads\/2021\/05\/logo-512x512-1.png","width":512,"height":512,"caption":"Associa\u00e7\u00e3o Portuguesa de Fundi\u00e7\u00e3o"},"image":{"@id":"https:\/\/apf.com.pt\/#\/schema\/logo\/image\/"}}]}},"_links":{"self":[{"href":"https:\/\/apf.com.pt\/en\/wp-json\/wp\/v2\/pages\/1312","targetHints":{"allow":["GET"]}}],"collection":[{"href":"https:\/\/apf.com.pt\/en\/wp-json\/wp\/v2\/pages"}],"about":[{"href":"https:\/\/apf.com.pt\/en\/wp-json\/wp\/v2\/types\/page"}],"author":[{"embeddable":true,"href":"https:\/\/apf.com.pt\/en\/wp-json\/wp\/v2\/users\/1"}],"replies":[{"embeddable":true,"href":"https:\/\/apf.com.pt\/en\/wp-json\/wp\/v2\/comments?post=1312"}],"version-history":[{"count":2,"href":"https:\/\/apf.com.pt\/en\/wp-json\/wp\/v2\/pages\/1312\/revisions"}],"predecessor-version":[{"id":5777,"href":"https:\/\/apf.com.pt\/en\/wp-json\/wp\/v2\/pages\/1312\/revisions\/5777"}],"wp:attachment":[{"href":"https:\/\/apf.com.pt\/en\/wp-json\/wp\/v2\/media?parent=1312"}],"curies":[{"name":"wp","href":"https:\/\/api.w.org\/{rel}","templated":true}]}}